{"id":19897,"date":"2023-10-07T18:16:08","date_gmt":"2023-10-07T16:16:08","guid":{"rendered":"https:\/\/www.doit.hr\/dev\/?page_id=19897"},"modified":"2023-10-07T19:09:45","modified_gmt":"2023-10-07T17:09:45","slug":"o-nama","status":"publish","type":"page","link":"https:\/\/www.doit.hr\/dev\/o-nama\/","title":{"rendered":"O nama"},"content":{"rendered":"\t\t<div data-elementor-type=\"wp-page\" data-elementor-id=\"19897\" class=\"elementor elementor-19897\">\n\t\t\t\t\t\t\t\t\t<section class=\"elementor-section elementor-top-section elementor-element elementor-element-76cb2a0 elementor-section-boxed elementor-section-height-default elementor-section-height-default animation_type_block sc_fly_static elementor-invisible\" data-id=\"76cb2a0\" data-element_type=\"section\" data-settings=\"{&quot;background_background&quot;:&quot;classic&quot;,&quot;animation&quot;:&quot;fadeInLeft&quot;}\">\n\t\t\t\t\t\t<div class=\"elementor-container elementor-column-gap-no\">\n\t\t\t\t\t<div class=\"elementor-column elementor-col-100 elementor-top-column elementor-element elementor-element-9dfbde6 sc_inner_width_none sc_content_align_inherit sc_layouts_column_icons_position_left sc_fly_static\" data-id=\"9dfbde6\" data-element_type=\"column\">\n\t\t\t<div class=\"elementor-widget-wrap elementor-element-populated\">\n\t\t\t\t\t\t\t\t<div class=\"elementor-element elementor-element-90e898f sc_height_huge sc_fly_static elementor-widget elementor-widget-spacer\" data-id=\"90e898f\" data-element_type=\"widget\" data-widget_type=\"spacer.default\">\n\t\t\t\t<div class=\"elementor-widget-container\">\n\t\t\t\t\t<div class=\"elementor-spacer\">\n\t\t\t<div class=\"elementor-spacer-inner\"><\/div>\n\t\t<\/div>\n\t\t\t\t<\/div>\n\t\t\t\t<\/div>\n\t\t\t\t<section class=\"elementor-section elementor-inner-section elementor-element elementor-element-a699b75 elementor-section-content-middle elementor-section-boxed elementor-section-height-default elementor-section-height-default sc_fly_static\" data-id=\"a699b75\" data-element_type=\"section\">\n\t\t\t\t\t\t<div class=\"elementor-container elementor-column-gap-no\">\n\t\t\t\t\t<div class=\"elementor-column elementor-col-50 elementor-inner-column elementor-element elementor-element-0c15407 sc_inner_width_none sc_content_align_inherit sc_layouts_column_icons_position_left sc_fly_static\" data-id=\"0c15407\" data-element_type=\"column\">\n\t\t\t<div class=\"elementor-widget-wrap elementor-element-populated\">\n\t\t\t\t\t\t\t\t<div class=\"elementor-element elementor-element-999fd06 sc_fly_static elementor-widget elementor-widget-image\" data-id=\"999fd06\" data-element_type=\"widget\" data-widget_type=\"image.default\">\n\t\t\t\t<div class=\"elementor-widget-container\">\n\t\t\t\t\t\t\t\t\t\t\t\t\t\t\t<img loading=\"lazy\" decoding=\"async\" width=\"1040\" height=\"1001\" src=\"https:\/\/www.doit.hr\/dev\/wp-content\/uploads\/2023\/10\/doit-sustavi-tehnicke-zastite-zagreb_mup-rh_logo.png\" class=\"attachment-full size-full wp-image-19799\" alt=\"doit-sustavi-tehnicke-zastite-zagreb_mup-rh_logo\" srcset=\"https:\/\/www.doit.hr\/dev\/wp-content\/uploads\/2023\/10\/doit-sustavi-tehnicke-zastite-zagreb_mup-rh_logo.png 1040w, https:\/\/www.doit.hr\/dev\/wp-content\/uploads\/2023\/10\/doit-sustavi-tehnicke-zastite-zagreb_mup-rh_logo-300x289.png 300w, https:\/\/www.doit.hr\/dev\/wp-content\/uploads\/2023\/10\/doit-sustavi-tehnicke-zastite-zagreb_mup-rh_logo-1024x986.png 1024w, https:\/\/www.doit.hr\/dev\/wp-content\/uploads\/2023\/10\/doit-sustavi-tehnicke-zastite-zagreb_mup-rh_logo-768x739.png 768w, https:\/\/www.doit.hr\/dev\/wp-content\/uploads\/2023\/10\/doit-sustavi-tehnicke-zastite-zagreb_mup-rh_logo-370x356.png 370w, https:\/\/www.doit.hr\/dev\/wp-content\/uploads\/2023\/10\/doit-sustavi-tehnicke-zastite-zagreb_mup-rh_logo-840x809.png 840w, https:\/\/www.doit.hr\/dev\/wp-content\/uploads\/2023\/10\/doit-sustavi-tehnicke-zastite-zagreb_mup-rh_logo-410x395.png 410w\" sizes=\"auto, (max-width: 1040px) 100vw, 1040px\" \/>\t\t\t\t\t\t\t\t\t\t\t\t\t\t\t<\/div>\n\t\t\t\t<\/div>\n\t\t\t\t\t<\/div>\n\t\t<\/div>\n\t\t\t\t<div class=\"elementor-column elementor-col-50 elementor-inner-column elementor-element elementor-element-b5759a4 sc_inner_width_none sc_content_align_inherit sc_layouts_column_icons_position_left sc_fly_static\" data-id=\"b5759a4\" data-element_type=\"column\">\n\t\t\t<div class=\"elementor-widget-wrap elementor-element-populated\">\n\t\t\t\t\t\t\t\t<div class=\"elementor-element elementor-element-1a1d426 sc_height_medium sc_layouts_hide_on_wide sc_layouts_hide_on_desktop sc_layouts_hide_on_notebook sc_layouts_hide_on_tablet sc_fly_static elementor-widget elementor-widget-spacer\" data-id=\"1a1d426\" data-element_type=\"widget\" data-widget_type=\"spacer.default\">\n\t\t\t\t<div class=\"elementor-widget-container\">\n\t\t\t\t\t<div class=\"elementor-spacer\">\n\t\t\t<div class=\"elementor-spacer-inner\"><\/div>\n\t\t<\/div>\n\t\t\t\t<\/div>\n\t\t\t\t<\/div>\n\t\t\t\t<div class=\"elementor-element elementor-element-cdf59ec sc_fly_static elementor-widget elementor-widget-trx_sc_title\" data-id=\"cdf59ec\" data-element_type=\"widget\" data-widget_type=\"trx_sc_title.default\">\n\t\t\t\t<div class=\"elementor-widget-container\">\n\t\t\t<div\t\tclass=\"sc_title sc_title_default\" ><span class=\"sc_item_subtitle sc_title_subtitle sc_item_subtitle_above sc_item_title_style_default\">Projektiranje i obavljanje djelatnosti tehni\u010dke za\u0161tite<\/span><h2 class=\"sc_item_title sc_title_title sc_item_title_style_default\"\n\t\t\t><span class=\"sc_item_title_text\"><b>Ovla\u0161tenje <\/b> MUP-a <br>Republike Hrvatske<\/span><\/h2><\/div>\t\t<\/div>\n\t\t\t\t<\/div>\n\t\t\t\t<div class=\"elementor-element elementor-element-d6cc100 sc_fly_static elementor-widget elementor-widget-spacer\" data-id=\"d6cc100\" data-element_type=\"widget\" data-widget_type=\"spacer.default\">\n\t\t\t\t<div class=\"elementor-widget-container\">\n\t\t\t\t\t<div class=\"elementor-spacer\">\n\t\t\t<div class=\"elementor-spacer-inner\"><\/div>\n\t\t<\/div>\n\t\t\t\t<\/div>\n\t\t\t\t<\/div>\n\t\t\t\t<div class=\"elementor-element elementor-element-770eecd sc_fly_static elementor-widget elementor-widget-text-editor\" data-id=\"770eecd\" data-element_type=\"widget\" data-widget_type=\"text-editor.default\">\n\t\t\t\t<div class=\"elementor-widget-container\">\n\t\t\t\t\t\t\t<p>Obrt DoIT ovla\u0161ten je od strane MUP-a za projektiranje i obavljanje djelatnosti tehni\u010dke za\u0161tite, projektiranje i izvo\u0111enje video nadzora i ostalih sustava za\u0161tite privatnih i poslovnih objekata.<\/p>\t\t\t\t\t\t<\/div>\n\t\t\t\t<\/div>\n\t\t\t\t<div class=\"elementor-element elementor-element-c4b030c sc_fly_static elementor-widget elementor-widget-spacer\" data-id=\"c4b030c\" data-element_type=\"widget\" data-widget_type=\"spacer.default\">\n\t\t\t\t<div class=\"elementor-widget-container\">\n\t\t\t\t\t<div class=\"elementor-spacer\">\n\t\t\t<div class=\"elementor-spacer-inner\"><\/div>\n\t\t<\/div>\n\t\t\t\t<\/div>\n\t\t\t\t<\/div>\n\t\t\t\t\t<\/div>\n\t\t<\/div>\n\t\t\t\t\t\t\t<\/div>\n\t\t<\/section>\n\t\t\t\t<div class=\"elementor-element elementor-element-70dccf8 sc_height_huge sc_fly_static elementor-widget elementor-widget-spacer\" data-id=\"70dccf8\" data-element_type=\"widget\" data-widget_type=\"spacer.default\">\n\t\t\t\t<div class=\"elementor-widget-container\">\n\t\t\t\t\t<div class=\"elementor-spacer\">\n\t\t\t<div class=\"elementor-spacer-inner\"><\/div>\n\t\t<\/div>\n\t\t\t\t<\/div>\n\t\t\t\t<\/div>\n\t\t\t\t\t<\/div>\n\t\t<\/div>\n\t\t\t\t\t\t\t<\/div>\n\t\t<\/section>\n\t\t\t\t<section class=\"elementor-section elementor-top-section elementor-element elementor-element-7a39331 elementor-section-boxed elementor-section-height-default elementor-section-height-default sc_fly_static\" data-id=\"7a39331\" data-element_type=\"section\">\n\t\t\t\t\t\t<div class=\"elementor-container elementor-column-gap-extended\">\n\t\t\t\t\t<div class=\"elementor-column elementor-col-50 elementor-top-column elementor-element elementor-element-09fc41d sc_inner_width_none sc_content_align_inherit sc_layouts_column_icons_position_left sc_fly_static\" data-id=\"09fc41d\" data-element_type=\"column\">\n\t\t\t<div class=\"elementor-widget-wrap elementor-element-populated\">\n\t\t\t\t\t\t\t\t<div class=\"elementor-element elementor-element-ed9fc33 sc_fly_static elementor-widget elementor-widget-trx_sc_title\" data-id=\"ed9fc33\" data-element_type=\"widget\" data-widget_type=\"trx_sc_title.default\">\n\t\t\t\t<div class=\"elementor-widget-container\">\n\t\t\t<div\t\tclass=\"sc_title sc_title_default\" ><span class=\"sc_item_subtitle sc_title_subtitle sc_item_subtitle_above sc_item_title_style_default\">DoIT sustavi tehni\u010dke za\u0161tite<\/span><h2 class=\"sc_item_title sc_title_title sc_item_title_style_default sc_item_title_tag\"\n\t\t\t><span class=\"sc_item_title_text\"><b>Na\u0161e odra\u0111ene poslove mo\u017eete pogledati na sljede\u0107im lokacijama<\/b><\/span><\/h2><\/div>\t\t<\/div>\n\t\t\t\t<\/div>\n\t\t\t\t<div class=\"elementor-element elementor-element-1cf5adf sc_fly_static elementor-widget elementor-widget-spacer\" data-id=\"1cf5adf\" data-element_type=\"widget\" data-widget_type=\"spacer.default\">\n\t\t\t\t<div class=\"elementor-widget-container\">\n\t\t\t\t\t<div class=\"elementor-spacer\">\n\t\t\t<div class=\"elementor-spacer-inner\"><\/div>\n\t\t<\/div>\n\t\t\t\t<\/div>\n\t\t\t\t<\/div>\n\t\t\t\t<div class=\"elementor-element elementor-element-634d292 sc_fly_static elementor-widget elementor-widget-image\" data-id=\"634d292\" data-element_type=\"widget\" data-widget_type=\"image.default\">\n\t\t\t\t<div class=\"elementor-widget-container\">\n\t\t\t\t\t\t\t\t\t\t\t\t\t\t\t<img loading=\"lazy\" decoding=\"async\" width=\"1024\" height=\"422\" src=\"https:\/\/www.doit.hr\/dev\/wp-content\/uploads\/2023\/10\/lokacija_zagreb-1024x422.jpg\" class=\"attachment-large size-large wp-image-19870\" alt=\"lokacija_zagreb\" srcset=\"https:\/\/www.doit.hr\/dev\/wp-content\/uploads\/2023\/10\/lokacija_zagreb-1024x422.jpg 1024w, https:\/\/www.doit.hr\/dev\/wp-content\/uploads\/2023\/10\/lokacija_zagreb-300x124.jpg 300w, https:\/\/www.doit.hr\/dev\/wp-content\/uploads\/2023\/10\/lokacija_zagreb-768x316.jpg 768w, https:\/\/www.doit.hr\/dev\/wp-content\/uploads\/2023\/10\/lokacija_zagreb-370x152.jpg 370w, https:\/\/www.doit.hr\/dev\/wp-content\/uploads\/2023\/10\/lokacija_zagreb-840x346.jpg 840w, https:\/\/www.doit.hr\/dev\/wp-content\/uploads\/2023\/10\/lokacija_zagreb-410x169.jpg 410w, https:\/\/www.doit.hr\/dev\/wp-content\/uploads\/2023\/10\/lokacija_zagreb.jpg 1500w\" sizes=\"auto, (max-width: 1024px) 100vw, 1024px\" \/>\t\t\t\t\t\t\t\t\t\t\t\t\t\t\t<\/div>\n\t\t\t\t<\/div>\n\t\t\t\t\t<\/div>\n\t\t<\/div>\n\t\t\t\t<div class=\"elementor-column elementor-col-50 elementor-top-column elementor-element elementor-element-7bb4380 sc_inner_width_none sc_content_align_inherit sc_layouts_column_icons_position_left sc_fly_static\" data-id=\"7bb4380\" data-element_type=\"column\">\n\t\t\t<div class=\"elementor-widget-wrap elementor-element-populated\">\n\t\t\t\t\t\t\t\t<div class=\"elementor-element elementor-element-d8f2b58 sc_fly_static elementor-widget elementor-widget-text-editor\" data-id=\"d8f2b58\" data-element_type=\"widget\" data-widget_type=\"text-editor.default\">\n\t\t\t\t<div class=\"elementor-widget-container\">\n\t\t\t\t\t\t\t<ul><li>Crkva Sv. Luke, Travno<\/li><li>Crkva Sv. Kri\u017ea, Siget-Trnsko<\/li><li>Gramamed d.o.o., Gajnice<\/li><li>Kopernikova ulica 12-28, Travno<\/li><li>Ukrajinska ulica 1-15, Utrina<\/li><li>Fancevljev prilaz 9, Utrina<\/li><li>Zemljakova uilica 3-9, Sopot<\/li><li>Milovana Kova\u010devi\u0107a 2, 4, 6, 15, 17; Sopot<\/li><li>Aleja pomoraca 23 i 25, Siget<\/li><li>Viktora kova\u010di\u0107a 20, 22, 24; Sopot<\/li><li>Zapoljska ulica 6, Feren\u0161\u010dica<\/li><li>Hribarov prilaz 4, Dugave<\/li><li>Ulica Mahathme Gandhija 2 i 4, Gajnice<\/li><li>Remetine\u010dki Gaj 9b i c, Remetinec<\/li><li>Ive Robi\u0107a 3, Lani\u0161te<\/li><\/ul><p>te na ostalim lokacijama po gradu Zagrebu i okolici.<\/p>\t\t\t\t\t\t<\/div>\n\t\t\t\t<\/div>\n\t\t\t\t\t<\/div>\n\t\t<\/div>\n\t\t\t\t\t\t\t<\/div>\n\t\t<\/section>\n\t\t\t\t<section class=\"elementor-section elementor-top-section elementor-element elementor-element-e6ff17e elementor-section-boxed elementor-section-height-default elementor-section-height-default sc_fly_static\" data-id=\"e6ff17e\" data-element_type=\"section\" data-settings=\"{&quot;background_background&quot;:&quot;classic&quot;}\">\n\t\t\t\t\t\t<div class=\"elementor-container elementor-column-gap-extended\">\n\t\t\t\t\t<div class=\"elementor-column elementor-col-100 elementor-top-column elementor-element elementor-element-9641348 sc_inner_width_none sc_content_align_inherit sc_layouts_column_icons_position_left sc_fly_static\" data-id=\"9641348\" data-element_type=\"column\">\n\t\t\t<div class=\"elementor-widget-wrap elementor-element-populated\">\n\t\t\t\t\t\t\t\t<div class=\"elementor-element elementor-element-c7545d6 sc_height_huge sc_fly_static elementor-widget elementor-widget-spacer\" data-id=\"c7545d6\" data-element_type=\"widget\" data-widget_type=\"spacer.default\">\n\t\t\t\t<div class=\"elementor-widget-container\">\n\t\t\t\t\t<div class=\"elementor-spacer\">\n\t\t\t<div class=\"elementor-spacer-inner\"><\/div>\n\t\t<\/div>\n\t\t\t\t<\/div>\n\t\t\t\t<\/div>\n\t\t\t\t\t<\/div>\n\t\t<\/div>\n\t\t\t\t\t\t\t<\/div>\n\t\t<\/section>\n\t\t\t\t<section class=\"elementor-section elementor-top-section elementor-element elementor-element-93b435c elementor-section-stretched scheme_default elementor-section-boxed elementor-section-height-default elementor-section-height-default sc_fly_static\" data-id=\"93b435c\" data-element_type=\"section\" data-settings=\"{&quot;stretch_section&quot;:&quot;section-stretched&quot;,&quot;background_background&quot;:&quot;classic&quot;}\">\n\t\t\t\t\t\t<div class=\"elementor-container elementor-column-gap-extended\">\n\t\t\t\t\t<div class=\"elementor-column elementor-col-100 elementor-top-column elementor-element elementor-element-82a1414 sc_inner_width_none sc_content_align_inherit sc_layouts_column_icons_position_left sc_fly_static\" data-id=\"82a1414\" data-element_type=\"column\">\n\t\t\t<div class=\"elementor-widget-wrap elementor-element-populated\">\n\t\t\t\t\t\t\t\t<div class=\"elementor-element elementor-element-865a524 sc_fly_static elementor-widget elementor-widget-trx_sc_title\" data-id=\"865a524\" data-element_type=\"widget\" data-widget_type=\"trx_sc_title.default\">\n\t\t\t\t<div class=\"elementor-widget-container\">\n\t\t\t<div\t\tclass=\"sc_title sc_title_default\" ><span class=\"sc_item_subtitle sc_title_subtitle sc_item_subtitle_above sc_item_title_style_default\">Locksmithing services<\/span><h2 class=\"sc_item_title sc_title_title sc_item_title_style_default sc_item_title_tag\"\n\t\t\t><span class=\"sc_item_title_text\"><b>Na\u0161i provjereni partneri i suradnici<\/b><\/span><\/h2><\/div>\t\t<\/div>\n\t\t\t\t<\/div>\n\t\t\t\t<div class=\"elementor-element elementor-element-a72b4ad sc_fly_static elementor-widget elementor-widget-text-editor\" data-id=\"a72b4ad\" data-element_type=\"widget\" data-widget_type=\"text-editor.default\">\n\t\t\t\t<div class=\"elementor-widget-container\">\n\t\t\t\t\t\t\t<p>Dicta sunt explicabo. Nemo enim ipsam voluptatem quia voluptas sit aut odit aut fugit, sed quia consequuntur magni.<\/p>\t\t\t\t\t\t<\/div>\n\t\t\t\t<\/div>\n\t\t\t\t<div class=\"elementor-element elementor-element-2ab20e1 sc_height_small sc_fly_static elementor-widget elementor-widget-spacer\" data-id=\"2ab20e1\" data-element_type=\"widget\" data-widget_type=\"spacer.default\">\n\t\t\t\t<div class=\"elementor-widget-container\">\n\t\t\t\t\t<div class=\"elementor-spacer\">\n\t\t\t<div class=\"elementor-spacer-inner\"><\/div>\n\t\t<\/div>\n\t\t\t\t<\/div>\n\t\t\t\t<\/div>\n\t\t\t\t\t<\/div>\n\t\t<\/div>\n\t\t\t\t\t\t\t<\/div>\n\t\t<\/section>\n\t\t\t\t<section class=\"elementor-section elementor-top-section elementor-element elementor-element-213ca2e scheme_light elementor-section-boxed elementor-section-height-default elementor-section-height-default sc_fly_static\" data-id=\"213ca2e\" data-element_type=\"section\" data-settings=\"{&quot;background_background&quot;:&quot;classic&quot;}\">\n\t\t\t\t\t\t<div class=\"elementor-container elementor-column-gap-default\">\n\t\t\t\t\t<div class=\"elementor-column elementor-col-100 elementor-top-column elementor-element elementor-element-604c61b sc_inner_width_none sc_content_align_inherit sc_layouts_column_icons_position_left sc_fly_static\" data-id=\"604c61b\" data-element_type=\"column\">\n\t\t\t<div class=\"elementor-widget-wrap elementor-element-populated\">\n\t\t\t\t\t\t\t\t<section class=\"elementor-section elementor-inner-section elementor-element elementor-element-7f652a7 elementor-section-full_width partneri-logo elementor-section-height-default elementor-section-height-default sc_fly_static\" data-id=\"7f652a7\" data-element_type=\"section\">\n\t\t\t\t\t\t<div class=\"elementor-container elementor-column-gap-default\">\n\t\t\t\t\t<div class=\"elementor-column elementor-col-25 elementor-inner-column elementor-element elementor-element-7589a4d sc_inner_width_none sc_content_align_inherit sc_layouts_column_icons_position_left sc_fly_static\" data-id=\"7589a4d\" data-element_type=\"column\">\n\t\t\t<div class=\"elementor-widget-wrap elementor-element-populated\">\n\t\t\t\t\t\t\t\t<div class=\"elementor-element elementor-element-61dd26d sc_fly_static elementor-widget elementor-widget-image\" data-id=\"61dd26d\" data-element_type=\"widget\" data-widget_type=\"image.default\">\n\t\t\t\t<div class=\"elementor-widget-container\">\n\t\t\t\t\t\t\t\t\t\t\t\t\t\t\t<img loading=\"lazy\" decoding=\"async\" width=\"500\" height=\"180\" src=\"https:\/\/www.doit.hr\/dev\/wp-content\/uploads\/2023\/10\/partner_mastercentar.png\" class=\"attachment-full size-full wp-image-19852\" alt=\"\" srcset=\"https:\/\/www.doit.hr\/dev\/wp-content\/uploads\/2023\/10\/partner_mastercentar.png 500w, https:\/\/www.doit.hr\/dev\/wp-content\/uploads\/2023\/10\/partner_mastercentar-300x108.png 300w, https:\/\/www.doit.hr\/dev\/wp-content\/uploads\/2023\/10\/partner_mastercentar-370x133.png 370w, https:\/\/www.doit.hr\/dev\/wp-content\/uploads\/2023\/10\/partner_mastercentar-410x148.png 410w\" sizes=\"auto, (max-width: 600px) 100vw, 500px\" \/>\t\t\t\t\t\t\t\t\t\t\t\t\t\t\t<\/div>\n\t\t\t\t<\/div>\n\t\t\t\t\t<\/div>\n\t\t<\/div>\n\t\t\t\t<div class=\"elementor-column elementor-col-25 elementor-inner-column elementor-element elementor-element-8708ed2 sc_inner_width_none sc_content_align_inherit sc_layouts_column_icons_position_left sc_fly_static\" data-id=\"8708ed2\" data-element_type=\"column\">\n\t\t\t<div class=\"elementor-widget-wrap elementor-element-populated\">\n\t\t\t\t\t\t\t\t<div class=\"elementor-element elementor-element-1021c3e sc_fly_static elementor-widget elementor-widget-image\" data-id=\"1021c3e\" data-element_type=\"widget\" data-widget_type=\"image.default\">\n\t\t\t\t<div class=\"elementor-widget-container\">\n\t\t\t\t\t\t\t\t\t\t\t\t\t\t\t<img loading=\"lazy\" decoding=\"async\" width=\"500\" height=\"180\" src=\"https:\/\/www.doit.hr\/dev\/wp-content\/uploads\/2023\/10\/partner_urbaniritam.png\" class=\"attachment-full size-full wp-image-19856\" alt=\"\" srcset=\"https:\/\/www.doit.hr\/dev\/wp-content\/uploads\/2023\/10\/partner_urbaniritam.png 500w, https:\/\/www.doit.hr\/dev\/wp-content\/uploads\/2023\/10\/partner_urbaniritam-300x108.png 300w, https:\/\/www.doit.hr\/dev\/wp-content\/uploads\/2023\/10\/partner_urbaniritam-370x133.png 370w, https:\/\/www.doit.hr\/dev\/wp-content\/uploads\/2023\/10\/partner_urbaniritam-410x148.png 410w\" sizes=\"auto, (max-width: 600px) 100vw, 500px\" \/>\t\t\t\t\t\t\t\t\t\t\t\t\t\t\t<\/div>\n\t\t\t\t<\/div>\n\t\t\t\t\t<\/div>\n\t\t<\/div>\n\t\t\t\t<div class=\"elementor-column elementor-col-25 elementor-inner-column elementor-element elementor-element-599c959 sc_inner_width_none sc_content_align_inherit sc_layouts_column_icons_position_left sc_fly_static\" data-id=\"599c959\" data-element_type=\"column\">\n\t\t\t<div class=\"elementor-widget-wrap elementor-element-populated\">\n\t\t\t\t\t\t\t\t<div class=\"elementor-element elementor-element-8fbe858 sc_fly_static elementor-widget elementor-widget-image\" data-id=\"8fbe858\" data-element_type=\"widget\" data-widget_type=\"image.default\">\n\t\t\t\t<div class=\"elementor-widget-container\">\n\t\t\t\t\t\t\t\t\t\t\t\t\t\t\t<img loading=\"lazy\" decoding=\"async\" width=\"500\" height=\"180\" src=\"https:\/\/www.doit.hr\/dev\/wp-content\/uploads\/2023\/10\/partner_alarmautomatika.jpg\" class=\"attachment-full size-full wp-image-19857\" alt=\"\" srcset=\"https:\/\/www.doit.hr\/dev\/wp-content\/uploads\/2023\/10\/partner_alarmautomatika.jpg 500w, https:\/\/www.doit.hr\/dev\/wp-content\/uploads\/2023\/10\/partner_alarmautomatika-300x108.jpg 300w, https:\/\/www.doit.hr\/dev\/wp-content\/uploads\/2023\/10\/partner_alarmautomatika-370x133.jpg 370w, https:\/\/www.doit.hr\/dev\/wp-content\/uploads\/2023\/10\/partner_alarmautomatika-410x148.jpg 410w\" sizes=\"auto, (max-width: 600px) 100vw, 500px\" \/>\t\t\t\t\t\t\t\t\t\t\t\t\t\t\t<\/div>\n\t\t\t\t<\/div>\n\t\t\t\t\t<\/div>\n\t\t<\/div>\n\t\t\t\t<div class=\"elementor-column elementor-col-25 elementor-inner-column elementor-element elementor-element-9197248 sc_inner_width_none sc_content_align_inherit sc_layouts_column_icons_position_left sc_fly_static\" data-id=\"9197248\" data-element_type=\"column\">\n\t\t\t<div class=\"elementor-widget-wrap elementor-element-populated\">\n\t\t\t\t\t\t\t\t<div class=\"elementor-element elementor-element-7887eec sc_fly_static elementor-widget elementor-widget-image\" data-id=\"7887eec\" data-element_type=\"widget\" data-widget_type=\"image.default\">\n\t\t\t\t<div class=\"elementor-widget-container\">\n\t\t\t\t\t\t\t\t\t\t\t\t\t\t\t<img loading=\"lazy\" decoding=\"async\" width=\"500\" height=\"180\" src=\"https:\/\/www.doit.hr\/dev\/wp-content\/uploads\/2023\/10\/partner_ellabo.jpg\" class=\"attachment-full size-full wp-image-19858\" alt=\"\" srcset=\"https:\/\/www.doit.hr\/dev\/wp-content\/uploads\/2023\/10\/partner_ellabo.jpg 500w, https:\/\/www.doit.hr\/dev\/wp-content\/uploads\/2023\/10\/partner_ellabo-300x108.jpg 300w, https:\/\/www.doit.hr\/dev\/wp-content\/uploads\/2023\/10\/partner_ellabo-370x133.jpg 370w, https:\/\/www.doit.hr\/dev\/wp-content\/uploads\/2023\/10\/partner_ellabo-410x148.jpg 410w\" sizes=\"auto, (max-width: 600px) 100vw, 500px\" \/>\t\t\t\t\t\t\t\t\t\t\t\t\t\t\t<\/div>\n\t\t\t\t<\/div>\n\t\t\t\t\t<\/div>\n\t\t<\/div>\n\t\t\t\t\t\t\t<\/div>\n\t\t<\/section>\n\t\t\t\t\t<\/div>\n\t\t<\/div>\n\t\t\t\t\t\t\t<\/div>\n\t\t<\/section>\n\t\t\t\t<section class=\"elementor-section elementor-top-section elementor-element elementor-element-26aae0a elementor-section-boxed elementor-section-height-default elementor-section-height-default sc_fly_static\" data-id=\"26aae0a\" data-element_type=\"section\" data-settings=\"{&quot;background_background&quot;:&quot;classic&quot;}\">\n\t\t\t\t\t\t<div class=\"elementor-container elementor-column-gap-extended\">\n\t\t\t\t\t<div class=\"elementor-column elementor-col-100 elementor-top-column elementor-element elementor-element-effea1e sc_inner_width_none sc_content_align_inherit sc_layouts_column_icons_position_left sc_fly_static\" data-id=\"effea1e\" data-element_type=\"column\">\n\t\t\t<div class=\"elementor-widget-wrap elementor-element-populated\">\n\t\t\t\t\t\t\t\t<div class=\"elementor-element elementor-element-1091b1b sc_height_huge sc_fly_static elementor-widget elementor-widget-spacer\" data-id=\"1091b1b\" data-element_type=\"widget\" data-widget_type=\"spacer.default\">\n\t\t\t\t<div class=\"elementor-widget-container\">\n\t\t\t\t\t<div class=\"elementor-spacer\">\n\t\t\t<div class=\"elementor-spacer-inner\"><\/div>\n\t\t<\/div>\n\t\t\t\t<\/div>\n\t\t\t\t<\/div>\n\t\t\t\t\t<\/div>\n\t\t<\/div>\n\t\t\t\t\t\t\t<\/div>\n\t\t<\/section>\n\t\t\t\t\t\t\t<\/div>\n\t\t","protected":false},"excerpt":{"rendered":"<p>Projektiranje i obavljanje djelatnosti tehni\u010dke za\u0161tite Ovla\u0161tenje MUP-a Republike Hrvatske Obrt DoIT ovla\u0161ten je od strane MUP-a za projektiranje i obavljanje djelatnosti tehni\u010dke za\u0161tite, projektiranje i izvo\u0111enje video nadzora i&hellip;<\/p>\n","protected":false},"author":1,"featured_media":0,"parent":0,"menu_order":0,"comment_status":"closed","ping_status":"closed","template":"","meta":{"footnotes":""},"class_list":["post-19897","page","type-page","status-publish","hentry"],"_links":{"self":[{"href":"https:\/\/www.doit.hr\/dev\/wp-json\/wp\/v2\/pages\/19897","targetHints":{"allow":["GET"]}}],"collection":[{"href":"https:\/\/www.doit.hr\/dev\/wp-json\/wp\/v2\/pages"}],"about":[{"href":"https:\/\/www.doit.hr\/dev\/wp-json\/wp\/v2\/types\/page"}],"author":[{"embeddable":true,"href":"https:\/\/www.doit.hr\/dev\/wp-json\/wp\/v2\/users\/1"}],"replies":[{"embeddable":true,"href":"https:\/\/www.doit.hr\/dev\/wp-json\/wp\/v2\/comments?post=19897"}],"version-history":[{"count":4,"href":"https:\/\/www.doit.hr\/dev\/wp-json\/wp\/v2\/pages\/19897\/revisions"}],"predecessor-version":[{"id":19929,"href":"https:\/\/www.doit.hr\/dev\/wp-json\/wp\/v2\/pages\/19897\/revisions\/19929"}],"wp:attachment":[{"href":"https:\/\/www.doit.hr\/dev\/wp-json\/wp\/v2\/media?parent=19897"}],"curies":[{"name":"wp","href":"https:\/\/api.w.org\/{rel}","templated":true}]}}