{"id":19991,"date":"2023-10-28T19:23:29","date_gmt":"2023-10-28T17:23:29","guid":{"rendered":"https:\/\/www.doit.hr\/dev\/?page_id=19991"},"modified":"2023-11-01T18:49:45","modified_gmt":"2023-11-01T17:49:45","slug":"alarmi","status":"publish","type":"page","link":"https:\/\/www.doit.hr\/dev\/nase-djelatnosti\/alarmi\/","title":{"rendered":"Alarmi"},"content":{"rendered":"\t\t<div data-elementor-type=\"wp-page\" data-elementor-id=\"19991\" class=\"elementor elementor-19991\">\n\t\t\t\t\t\t\t\t\t<section class=\"elementor-section elementor-top-section elementor-element elementor-element-b164457 elementor-section-boxed elementor-section-height-default elementor-section-height-default sc_fly_static\" data-id=\"b164457\" data-element_type=\"section\">\n\t\t\t\t\t\t<div class=\"elementor-container elementor-column-gap-extended\">\n\t\t\t\t\t<div class=\"elementor-column elementor-col-100 elementor-top-column elementor-element elementor-element-f6dbb3f sc_inner_width_none sc_content_align_inherit sc_layouts_column_icons_position_left sc_fly_static\" data-id=\"f6dbb3f\" data-element_type=\"column\">\n\t\t\t<div class=\"elementor-widget-wrap elementor-element-populated\">\n\t\t\t\t\t\t\t\t<div class=\"elementor-element elementor-element-515c25e sc_fly_static elementor-widget elementor-widget-text-editor\" data-id=\"515c25e\" data-element_type=\"widget\" data-widget_type=\"text-editor.default\">\n\t\t\t\t<div class=\"elementor-widget-container\">\n\t\t\t\t\t\t\t<p>Alarmni sustav u ku\u0107i je elektroni\u010dki sustav dizajniran za detekciju i obavje\u0161tavanje vlasnika ili nadle\u017enih osoba o potencijalnim opasnostima ili ne\u017eeljenim doga\u0111ajima u domu.<\/p>\t\t\t\t\t\t<\/div>\n\t\t\t\t<\/div>\n\t\t\t\t<div class=\"elementor-element elementor-element-af0aa0d sc_fly_static elementor-widget elementor-widget-image\" data-id=\"af0aa0d\" data-element_type=\"widget\" data-widget_type=\"image.default\">\n\t\t\t\t<div class=\"elementor-widget-container\">\n\t\t\t\t\t\t\t\t\t\t\t\t\t\t\t<img loading=\"lazy\" decoding=\"async\" width=\"1920\" height=\"1281\" src=\"https:\/\/www.doit.hr\/dev\/wp-content\/uploads\/2023\/10\/doit-sustavi-alarm-zastita-doma-poslovnog-prostora.jpg\" class=\"attachment-full size-full wp-image-20000\" alt=\"\" srcset=\"https:\/\/www.doit.hr\/dev\/wp-content\/uploads\/2023\/10\/doit-sustavi-alarm-zastita-doma-poslovnog-prostora.jpg 1920w, https:\/\/www.doit.hr\/dev\/wp-content\/uploads\/2023\/10\/doit-sustavi-alarm-zastita-doma-poslovnog-prostora-300x200.jpg 300w, https:\/\/www.doit.hr\/dev\/wp-content\/uploads\/2023\/10\/doit-sustavi-alarm-zastita-doma-poslovnog-prostora-1024x683.jpg 1024w, https:\/\/www.doit.hr\/dev\/wp-content\/uploads\/2023\/10\/doit-sustavi-alarm-zastita-doma-poslovnog-prostora-768x512.jpg 768w, https:\/\/www.doit.hr\/dev\/wp-content\/uploads\/2023\/10\/doit-sustavi-alarm-zastita-doma-poslovnog-prostora-1536x1025.jpg 1536w, https:\/\/www.doit.hr\/dev\/wp-content\/uploads\/2023\/10\/doit-sustavi-alarm-zastita-doma-poslovnog-prostora-370x247.jpg 370w, https:\/\/www.doit.hr\/dev\/wp-content\/uploads\/2023\/10\/doit-sustavi-alarm-zastita-doma-poslovnog-prostora-840x560.jpg 840w, https:\/\/www.doit.hr\/dev\/wp-content\/uploads\/2023\/10\/doit-sustavi-alarm-zastita-doma-poslovnog-prostora-410x274.jpg 410w\" sizes=\"auto, (max-width: 1920px) 100vw, 1920px\" \/>\t\t\t\t\t\t\t\t\t\t\t\t\t\t\t<\/div>\n\t\t\t\t<\/div>\n\t\t\t\t<div class=\"elementor-element elementor-element-a7989df sc_fly_static elementor-widget elementor-widget-text-editor\" data-id=\"a7989df\" data-element_type=\"widget\" data-widget_type=\"text-editor.default\">\n\t\t\t\t<div class=\"elementor-widget-container\">\n\t\t\t\t\t\t\t<h4>Op\u0107e informacije o alarmnim sustavima u ku\u0107i:<\/h4><ul><li>Detekcija: Alarmni sustavi obi\u010dno uklju\u010duju senzore za detekciju razli\u010ditih prijetnji kao \u0161to su provala, po\u017ear, plinovi, poplava i drugi incidenti. Senzori mogu biti infracrveni senzori pokreta, senzori za otvaranje vrata i prozora, detektori dima i uglji\u010dnog monoksida te razli\u010diti senzori za poplave.<\/li><li>Centralna kontrola: Alarmni sustav obi\u010dno ima centralnu kontrolnu jedinicu koja prima informacije od senzora i upravlja cijelim sustavom. Ova kontrolna jedinica mo\u017ee biti povezana s daljinskim monitorima ili uslugama za pra\u0107enje.<\/li><li>Upozorenje: Kada se detektira potencijalna prijetnja ili doga\u0111aj, alarmni sustav aktivira sirenu ili druga upozorenja kako bi obavijestio vlasnika ili nadle\u017ene osobe o situaciji. Tako\u0111er, mo\u017ee se slati obavijest vlasniku ili sigurnosnoj tvrtki.<\/li><li>Pra\u0107enje: Mnogi alarmni sustavi nude usluge pra\u0107enja gdje se informacije o alarmu \u0161alju sigurnosnoj tvrtki ili nadle\u017enim slu\u017ebama (npr. policiji ili vatrogascima) radi brze reakcije.<\/li><li>Daljinsko upravljanje: Moderni alarmni sustavi \u010desto omogu\u0107uju vlasnicima daljinsko upravljanje putem mobilnih aplikacija. To zna\u010di da vlasnici mogu kontrolirati sustav, primati obavijesti i provjeravati status svoje ku\u0107e \u010dak i kada nisu kod ku\u0107e.<\/li><li>Preventivno djelovanje: Alarmni sustavi nisu samo za reakciju na incidente, ve\u0107 i za prevenciju. Vidljiva prisutnost alarmnog sustava mo\u017ee odvratiti potencijalne provalnike ili izazvati br\u017eu reakciju na incidente poput po\u017eara.<\/li><li>Prilagodljivost: Alarmni sustavi se mogu prilagoditi potrebama vlasnika. Mogu\u0107e je dodati razli\u010dite senzore i funkcionalnosti prema specifi\u010dnim zahtjevima i rizicima.<\/li><\/ul><p>Va\u017eno je napomenuti da postavljanje i odr\u017eavanje alarmnog sustava zahtjeva pa\u017enju kako bi bio u\u010dinkovit. Tako\u0111er, alarmni sustavi mogu biti \u017eivotno va\u017eni u hitnim situacijama, kao \u0161to su po\u017eari ili provala, pa je va\u017eno osigurati da su ispravni i spremni za djelovanje.<\/p><p><span style=\"font-size: 18px; background-color: var(--theme-color-bg_color); color: var(--theme-color-text); letter-spacing: 0.1px;\">Protuprovalni alarmni sustavi su dizajnirani kako bi za\u0161titili objekte od neovla\u0161tenog ulaza ili poku\u0161aja provale. Postoje razli\u010dite vrste protuprovalnih alarmnih sustava, a svaka od njih ima svoje karakteristike i na\u010din rada.<\/span><\/p><p><span style=\"font-size: 18px; background-color: var(--theme-color-bg_color); color: var(--theme-color-text); letter-spacing: 0.1px;\">Nekoliko glavnih vrsta protuprovalnih alarmnih sustava su:<\/span><\/p><ul><li>Zvu\u010dni alarmni sustav: Ovo su najosnovniji sustavi koji emitiraju sna\u017ean zvu\u010dni signal kada senzori detektiraju neovla\u0161teni ulazak. Zvuk alarma obi\u010dno je dovoljno jak da upla\u0161i potencijalnog provalnika i privu\u010de pa\u017enju susjeda ili prolaznika. Neki sustavi tako\u0111er mogu uklju\u010divati svjetlosne signale ili sirene kako bi dodatno privukli pa\u017enju.<\/li><li>Protuprovalni alarmi s nadzorom: Ovi sustavi obi\u010dno uklju\u010duju centralnu nadzornu stanicu koja je povezana s alarmnim senzorima. Kada senzor detektira provalu, informacija se \u0161alje centralnoj nadzornoj stanici koja mo\u017ee poduzeti odgovaraju\u0107e korake, kao \u0161to su obavje\u0161tavanje vlasnika, sigurnosnih slu\u017ebi ili policije.<\/li><li>Detekcija pokreta: Ovi sustavi koriste senzore pokreta ili infracrvene senzore kako bi detektirali prisutnost osoba u prostoru. Kada se pokret detektira izvan odre\u0111enih parametara (npr. izvan radnog vremena), alarm se aktivira.<\/li><li>Detekcija otvaranja vrata i prozora: Ovi sustavi koriste senzore koji detektiraju otvaranje vrata ili prozora. Kada se otvori vrata ili prozor dok je sustav aktiviran, alarm \u0107e se aktivirati.<\/li><li>Sustavi za detekciju loma stakla: Ovi sustavi koriste senzore za detekciju zvuka lomljenja stakla. Kada senzor detektira ovakav zvuk, alarm se aktivira.<\/li><li>Sustavi za\u0161tite od provalnika: Ovi sustavi koriste razli\u010dite tehnike za za\u0161titu od provala, kao \u0161to su senzori za vibracije, magnetni senzori za vrata i prozore, te elektromagnetski senzori. Kada se neki od tih senzora aktivira, alarm \u0107e se aktivirati.<\/li><li>Video nadzor i kamere: Kamere se \u010desto koriste kao dio protuprovalnih sustava kako bi snimile potencijalne provalnike ili pru\u017eile vlasnicima real-time informacije o doga\u0111anjima u objektu putem pametnih ure\u0111aja.<\/li><\/ul><p>Op\u0107i opis rada protuprovalnog alarmnog sustava uklju\u010duje detekciju neovla\u0161tenog ulaza pomo\u0107u senzora ili senzora razli\u010ditih vrsta. Kada se aktivira senzor ili detektira neovla\u0161teni pristup, sustav aktivira alarm koji obi\u010dno uklju\u010duje sirene, svjetlosne signale i\/ili obavje\u0161tava nadzornu stanicu ili vlasnika objekta. Ovisno o konkretnom sustavu, mogu\u0107e su razli\u010dite opcije za reakciju, kao \u0161to su obavje\u0161tavanje sigurnosnih slu\u017ebi, slanje obavijesti vlasniku ili snimanje doga\u0111aja putem sigurnosnih kamera. Svrha protuprovalnog alarmnog sustava je pru\u017eiti sigurnost i za\u0161titu objekta od potencijalnih prijetnji i provala.<\/p>\t\t\t\t\t\t<\/div>\n\t\t\t\t<\/div>\n\t\t\t\t<div class=\"elementor-element elementor-element-1b6be34 sc_fly_static elementor-widget elementor-widget-text-editor\" data-id=\"1b6be34\" data-element_type=\"widget\" data-widget_type=\"text-editor.default\">\n\t\t\t\t<div class=\"elementor-widget-container\">\n\t\t\t\t\t\t\t<p>Za vi\u0161e informacija vezano uz temu alarmi za poslovne prostore i ku\u0107e te stanove, slobodno nas kontaktirajte na <strong><a href=\"https:\/\/www.doit.hr\/kontakt\/\">info@doit.hr<\/a> ili <a href=\"tel:+38598798765\">+385 98 798 765<\/a><\/strong>.<\/p>\t\t\t\t\t\t<\/div>\n\t\t\t\t<\/div>\n\t\t\t\t<div class=\"elementor-element elementor-element-c0f398e sc_fly_static elementor-widget elementor-widget-trx_sc_button\" data-id=\"c0f398e\" data-element_type=\"widget\" data-widget_type=\"trx_sc_button.default\">\n\t\t\t\t<div class=\"elementor-widget-container\">\n\t\t\t<div\tclass=\"sc_item_button sc_button_wrap sc_align_left\" ><a href=\"\/kontakt\/\" class=\"sc_button sc_button_shadow sc_button_hover sc_button_size_normal sc_button_with_icon sc_button_icon_right color_style_dark\" ><span class=\"sc_button_icon\"><span class=\"icon-phone\"><\/span><\/span><span class=\"sc_button_text\"><span class=\"sc_button_title\">Kontaktirajte nas<\/span><\/span><\/a><\/div>\t\t<\/div>\n\t\t\t\t<\/div>\n\t\t\t\t\t<\/div>\n\t\t<\/div>\n\t\t\t\t\t\t\t<\/div>\n\t\t<\/section>\n\t\t\t\t\t\t\t<\/div>\n\t\t","protected":false},"excerpt":{"rendered":"<p>Alarmni sustav u ku\u0107i je elektroni\u010dki sustav dizajniran za detekciju i obavje\u0161tavanje vlasnika ili nadle\u017enih osoba o potencijalnim opasnostima ili ne\u017eeljenim doga\u0111ajima u domu. Op\u0107e informacije o alarmnim sustavima u&hellip;<\/p>\n","protected":false},"author":1,"featured_media":0,"parent":19685,"menu_order":0,"comment_status":"closed","ping_status":"closed","template":"","meta":{"footnotes":""},"class_list":["post-19991","page","type-page","status-publish","hentry"],"_links":{"self":[{"href":"https:\/\/www.doit.hr\/dev\/wp-json\/wp\/v2\/pages\/19991","targetHints":{"allow":["GET"]}}],"collection":[{"href":"https:\/\/www.doit.hr\/dev\/wp-json\/wp\/v2\/pages"}],"about":[{"href":"https:\/\/www.doit.hr\/dev\/wp-json\/wp\/v2\/types\/page"}],"author":[{"embeddable":true,"href":"https:\/\/www.doit.hr\/dev\/wp-json\/wp\/v2\/users\/1"}],"replies":[{"embeddable":true,"href":"https:\/\/www.doit.hr\/dev\/wp-json\/wp\/v2\/comments?post=19991"}],"version-history":[{"count":22,"href":"https:\/\/www.doit.hr\/dev\/wp-json\/wp\/v2\/pages\/19991\/revisions"}],"predecessor-version":[{"id":20031,"href":"https:\/\/www.doit.hr\/dev\/wp-json\/wp\/v2\/pages\/19991\/revisions\/20031"}],"up":[{"embeddable":true,"href":"https:\/\/www.doit.hr\/dev\/wp-json\/wp\/v2\/pages\/19685"}],"wp:attachment":[{"href":"https:\/\/www.doit.hr\/dev\/wp-json\/wp\/v2\/media?parent=19991"}],"curies":[{"name":"wp","href":"https:\/\/api.w.org\/{rel}","templated":true}]}}