{"id":20017,"date":"2023-11-01T18:46:04","date_gmt":"2023-11-01T17:46:04","guid":{"rendered":"https:\/\/www.doit.hr\/dev\/?page_id=20017"},"modified":"2023-11-04T16:17:13","modified_gmt":"2023-11-04T15:17:13","slug":"videonadzor","status":"publish","type":"page","link":"https:\/\/www.doit.hr\/dev\/nase-djelatnosti\/videonadzor\/","title":{"rendered":"Videonadzor"},"content":{"rendered":"\t\t<div data-elementor-type=\"wp-page\" data-elementor-id=\"20017\" class=\"elementor elementor-20017\">\n\t\t\t\t\t\t\t\t\t<section class=\"elementor-section elementor-top-section elementor-element elementor-element-840c658 elementor-section-boxed elementor-section-height-default elementor-section-height-default sc_fly_static\" data-id=\"840c658\" data-element_type=\"section\">\n\t\t\t\t\t\t<div class=\"elementor-container elementor-column-gap-extended\">\n\t\t\t\t\t<div class=\"elementor-column elementor-col-100 elementor-top-column elementor-element elementor-element-baf8fb0 sc_inner_width_none sc_content_align_inherit sc_layouts_column_icons_position_left sc_fly_static\" data-id=\"baf8fb0\" data-element_type=\"column\">\n\t\t\t<div class=\"elementor-widget-wrap elementor-element-populated\">\n\t\t\t\t\t\t\t\t<div class=\"elementor-element elementor-element-1289976 sc_fly_static elementor-widget elementor-widget-text-editor\" data-id=\"1289976\" data-element_type=\"widget\" data-widget_type=\"text-editor.default\">\n\t\t\t\t<div class=\"elementor-widget-container\">\n\t\t\t\t\t\t\t<p>Postavljanje video nadzora u stambenim zgradama zahtijeva suglasnost vlasnika ili skup\u0161tine stanara te zgrade. Ovo je va\u017eno kako bi se po\u0161tovala privatnost stanara. Pristup snimkama video nadzora tako\u0111er treba biti ograni\u010den i trebao bi biti dostupan samo osobama koje imaju ovla\u0161tenje za to kao \u0161to su upravitelji zgrade ili nadle\u017ene sigurnosne agencije.<\/p>\t\t\t\t\t\t<\/div>\n\t\t\t\t<\/div>\n\t\t\t\t<div class=\"elementor-element elementor-element-b312038 sc_fly_static elementor-widget elementor-widget-image\" data-id=\"b312038\" data-element_type=\"widget\" data-widget_type=\"image.default\">\n\t\t\t\t<div class=\"elementor-widget-container\">\n\t\t\t\t\t\t\t\t\t\t\t\t\t\t\t<img loading=\"lazy\" decoding=\"async\" width=\"1920\" height=\"1280\" src=\"https:\/\/www.doit.hr\/dev\/wp-content\/uploads\/2023\/11\/doit_djelatnosti_video_nadzor_cover.jpg\" class=\"attachment-full size-full wp-image-20135\" alt=\"\" srcset=\"https:\/\/www.doit.hr\/dev\/wp-content\/uploads\/2023\/11\/doit_djelatnosti_video_nadzor_cover.jpg 1920w, https:\/\/www.doit.hr\/dev\/wp-content\/uploads\/2023\/11\/doit_djelatnosti_video_nadzor_cover-300x200.jpg 300w, https:\/\/www.doit.hr\/dev\/wp-content\/uploads\/2023\/11\/doit_djelatnosti_video_nadzor_cover-1024x683.jpg 1024w, https:\/\/www.doit.hr\/dev\/wp-content\/uploads\/2023\/11\/doit_djelatnosti_video_nadzor_cover-768x512.jpg 768w, https:\/\/www.doit.hr\/dev\/wp-content\/uploads\/2023\/11\/doit_djelatnosti_video_nadzor_cover-1536x1024.jpg 1536w, https:\/\/www.doit.hr\/dev\/wp-content\/uploads\/2023\/11\/doit_djelatnosti_video_nadzor_cover-370x247.jpg 370w, https:\/\/www.doit.hr\/dev\/wp-content\/uploads\/2023\/11\/doit_djelatnosti_video_nadzor_cover-840x560.jpg 840w, https:\/\/www.doit.hr\/dev\/wp-content\/uploads\/2023\/11\/doit_djelatnosti_video_nadzor_cover-410x273.jpg 410w\" sizes=\"auto, (max-width: 1920px) 100vw, 1920px\" \/>\t\t\t\t\t\t\t\t\t\t\t\t\t\t\t<\/div>\n\t\t\t\t<\/div>\n\t\t\t\t<div class=\"elementor-element elementor-element-bda8de0 sc_fly_static elementor-widget elementor-widget-text-editor\" data-id=\"bda8de0\" data-element_type=\"widget\" data-widget_type=\"text-editor.default\">\n\t\t\t\t<div class=\"elementor-widget-container\">\n\t\t\t\t\t\t\t<p>Zakon o za\u0161titi osobnih podataka i Zakon o osobnoj iskaznici Hrvatske tako\u0111er sadr\u017ee odredbe koje se odnose na prikupljanje, pohranu i obradu osobnih podataka putem video nadzora te na\u010din na koji se moraju \u0161tititi privatni podaci gra\u0111ana.<\/p><p>Va\u017eno je\u00a0 provoditi ugradnju video nadzora u skladu s va\u017ee\u0107im zakonima i regulativama te uz po\u0161tovanje prava i privatnosti svih stanara u zgradi.<\/p><p>Izrada prosudbe ugro\u017eenosti za video nadzorni sustav u stambenoj zgradi je va\u017ean korak u osiguravanju sigurnosti stanara i imovine. Ovdje su osnovni koraci koje treba slijediti prilikom izrade takve prosudbe:<\/p><ol><li><strong>Identifikacija ciljeva i svrhe nadzora:<\/strong> Prvo morate razmotriti razloge za postavljanje video nadzora u stambenoj zgradi. To mogu biti za\u0161tita od kra\u0111a, vandalizma, osiguranje sigurnosti stanara ili bilo koji drugi relevantni ciljevi.<\/li><li><strong>Pregled postoje\u0107ih zakona i propisa:<\/strong> Provjerite lokalne zakone i propise koji se odnose na video nadzor u stambenim zgradama. Ovi zakoni mogu varirati izme\u0111u razli\u010ditih jurisdikcija i mogu postavljati odre\u0111ene zahtjeve u vezi s privatno\u0161\u0107u i postavljanjem kamera.<\/li><li><strong>Razmotrite privatnost i eti\u010dke aspekte:<\/strong> Trebate pa\u017eljivo razmisliti o tome kako \u0107e se video nadzor odraziti na privatnost stanara. Razmotrite gdje \u0107e se kamere postaviti i tko \u0107e imati pristup snimkama. Ovo je va\u017eno kako biste osigurali da se ne kr\u0161e prava stanara.<\/li><li><strong>Ocjenjivanje rizika:<\/strong> Identificirajte mogu\u0107e rizike i prijetnje za video nadzorni sustav. To mo\u017ee uklju\u010divati fizi\u010dke rizike poput vandalizma, tehni\u010dke rizike poput hakiranja sustava i organizacijske rizike poput neovla\u0161tenog pristupa snimkama.<\/li><li><strong>Identifikacija mjera za\u0161tite:<\/strong> Razmislite o mjerama koje mo\u017eete poduzeti kako biste smanjili identificirane rizike. To uklju\u010duje fizi\u010dke mjere (na primjer, postavljanje kamera na sigurnim lokacijama), tehni\u010dke mjere (na primjer, \u0161ifriranje snimki) i organizacijske mjere (na primjer, tko ima pristup snimkama i kako se pristup kontrolira).<\/li><li><strong>Planiranje implementacije:<\/strong> Nakon \u0161to identificirate mjere za\u0161tite, trebate razmisliti o tome kako \u0107ete ih implementirati. To uklju\u010duje odabir odgovaraju\u0107e opreme, instalacijske korake te postavljanje politika i procedura za upravljanje sustavom.<\/li><li><strong>Testiranje i provjera:<\/strong> Nakon \u0161to sustav bude implementiran, va\u017eno je provesti testiranje kako biste osigurali da sve radi kako treba. Tako\u0111er je potrebno redovito provjeravati sustav kako biste ga odr\u017eavali i osigurali da ostaje siguran.<\/li><li><strong>Obuka i svijest stanara:<\/strong> Osigurajte da stanari budu svjesni prisutnosti video nadzora i kako se koristi. Tako\u0111er osigurajte da imaju na\u010din da prijave probleme ili sumnjive aktivnosti.<\/li><li><strong>Pra\u0107enje i a\u017euriranje:<\/strong> Kontinuirano pratite i a\u017eurirajte video nadzorni sustav kako biste osigurali da ostane u\u010dinkovit i siguran.<\/li><li><strong>Arhiviranje podataka:<\/strong> Po\u0161tujte zakonske zahtjeve za arhiviranje podataka i osigurajte siguran pristup arhiviranim snimkama.<\/li><\/ol><p>Nakon \u0161to izradite prosudbu ugro\u017eenosti i implementirate potrebne mjere za\u0161tite, stambena zgrada \u0107e imati bolju sigurnost zahvaljuju\u0107i video nadzoru.<\/p><p><span style=\"font-size: 18px; background-color: var(--theme-color-bg_color); color: var(--theme-color-text); letter-spacing: 0.1px;\">Ozna\u010davanje zgrada vezano za video nadzor u Republici Hrvatskoj regulirano je zakonima i propisima koji se odnose na za\u0161titu osobnih podataka i privatnosti gra\u0111ana. Prema Zakonu o za\u0161titi osobnih podataka i Zakonu o video nadzoru u Republici Hrvatskoj postoje odre\u0111ene obveze koje vlasnici zgrada moraju po\u0161tovati prilikom postavljanja kamera za video nadzor.<\/span><\/p><p>Neke od klju\u010dnih smjernica su:<\/p><ul><li>Oznaka: Kamere za video nadzor obi\u010dno moraju biti jasno ozna\u010dene vidljivim znakovima ili obavijestima kako bi osobe koje ulaze ili se kre\u0107u u blizini zgrade bile svjesne da su pod nadzorom.<\/li><li>Pristup podacima: Pristup snimkama i podacima prikupljenim putem video nadzora obi\u010dno je ograni\u010den samo na ovla\u0161tene osobe, a podaci se moraju \u010duvati na siguran na\u010din.<\/li><li>Privatnost gra\u0111ana: Snimanje privatnih prostora kao \u0161to su stambene jedinice ili osobni vrtovi obi\u010dno nije dopu\u0161teno bez izri\u010ditog pristanka osoba koje se nadzire.<\/li><li>Prijavljivanje nadle\u017enim tijelima: U odre\u0111enim slu\u010dajevima vlasnici zgrada mogu biti obavezni prijaviti svoj video nadzor nadle\u017enim tijelima ili Agenciji za za\u0161titu osobnih podataka.<\/li><\/ul><p>U Republici Hrvatskoj postavljanje videonadzora u stambenim zgradama regulirano je Zakonom o za\u0161titi osobnih podataka, Zakonom o obveznim odnosima te drugim relevantnim propisima. Evo nekoliko klju\u010dnih smjernica i zakonskih zahtjeva:<\/p><ol><li>Pristanak: Pravilo je da za postavljanje videonadzora u zajedni\u010dkim prostorima stambenih zgrada potrebno je dobiti pristanak suvlasnika ili tijela upravljanja zgradom. Ovo pravilo odnosi se na videonadzor u hodnicima, ulazima i drugim zajedni\u010dkim prostorima.<\/li><li>Transparentnost: Postavljanje videonadzora mora biti transparentno, tj. suvlasnici ili korisnici moraju biti obavije\u0161teni o prisutnosti nadzorne opreme.<\/li><li>Pravilno ozna\u010davanje: Kamere za videonadzor trebaju biti jasno ozna\u010dene kako bi ljudi znali da su pod nadzorom.<\/li><li>Prava na privatnost: Zakon o za\u0161titi osobnih podataka zahtijeva da se pri postavljanju videonadzora po\u0161tuju prava na privatnost pojedinaca. To zna\u010di da se ne smiju snimati prostori u kojima se o\u010dekuje visok stupanj privatnosti, poput kupaonica ili spava\u0107ih soba.<\/li><li>Pohranjivanje podataka: Snimke s videonadzora trebaju se \u010duvati samo onoliko dugo koliko je potrebno i propisano zakonom te se moraju za\u0161tititi od neovla\u0161tenog pristupa.<\/li><\/ol>\t\t\t\t\t\t<\/div>\n\t\t\t\t<\/div>\n\t\t\t\t<div class=\"elementor-element elementor-element-0aa7fc2 sc_fly_static elementor-widget elementor-widget-text-editor\" data-id=\"0aa7fc2\" data-element_type=\"widget\" data-widget_type=\"text-editor.default\">\n\t\t\t\t<div class=\"elementor-widget-container\">\n\t\t\t\t\t\t\t<p>Za vi\u0161e informacija vezano uz temu videonadzor za poslovne prostore, ku\u0107e te stanove, slobodno nas kontaktirajte na <strong><a href=\"https:\/\/www.doit.hr\/kontakt\/\">info@doit.hr<\/a> ili <a href=\"tel:+38598798765\">+385 98 798 765<\/a><\/strong>.<\/p>\t\t\t\t\t\t<\/div>\n\t\t\t\t<\/div>\n\t\t\t\t<div class=\"elementor-element elementor-element-5dca39c sc_fly_static elementor-widget elementor-widget-trx_sc_button\" data-id=\"5dca39c\" data-element_type=\"widget\" data-widget_type=\"trx_sc_button.default\">\n\t\t\t\t<div class=\"elementor-widget-container\">\n\t\t\t<div\tclass=\"sc_item_button sc_button_wrap sc_align_left\" ><a href=\"\/kontakt\/\" class=\"sc_button sc_button_shadow sc_button_hover sc_button_size_normal sc_button_with_icon sc_button_icon_right color_style_dark\" ><span class=\"sc_button_icon\"><span class=\"icon-phone\"><\/span><\/span><span class=\"sc_button_text\"><span class=\"sc_button_title\">Kontaktirajte nas<\/span><\/span><\/a><\/div>\t\t<\/div>\n\t\t\t\t<\/div>\n\t\t\t\t\t<\/div>\n\t\t<\/div>\n\t\t\t\t\t\t\t<\/div>\n\t\t<\/section>\n\t\t\t\t\t\t\t<\/div>\n\t\t","protected":false},"excerpt":{"rendered":"<p>Postavljanje video nadzora u stambenim zgradama zahtijeva suglasnost vlasnika ili skup\u0161tine stanara te zgrade. Ovo je va\u017eno kako bi se po\u0161tovala privatnost stanara. Pristup snimkama video nadzora tako\u0111er treba biti&hellip;<\/p>\n","protected":false},"author":1,"featured_media":0,"parent":19685,"menu_order":0,"comment_status":"closed","ping_status":"closed","template":"","meta":{"footnotes":""},"class_list":["post-20017","page","type-page","status-publish","hentry"],"_links":{"self":[{"href":"https:\/\/www.doit.hr\/dev\/wp-json\/wp\/v2\/pages\/20017","targetHints":{"allow":["GET"]}}],"collection":[{"href":"https:\/\/www.doit.hr\/dev\/wp-json\/wp\/v2\/pages"}],"about":[{"href":"https:\/\/www.doit.hr\/dev\/wp-json\/wp\/v2\/types\/page"}],"author":[{"embeddable":true,"href":"https:\/\/www.doit.hr\/dev\/wp-json\/wp\/v2\/users\/1"}],"replies":[{"embeddable":true,"href":"https:\/\/www.doit.hr\/dev\/wp-json\/wp\/v2\/comments?post=20017"}],"version-history":[{"count":16,"href":"https:\/\/www.doit.hr\/dev\/wp-json\/wp\/v2\/pages\/20017\/revisions"}],"predecessor-version":[{"id":20138,"href":"https:\/\/www.doit.hr\/dev\/wp-json\/wp\/v2\/pages\/20017\/revisions\/20138"}],"up":[{"embeddable":true,"href":"https:\/\/www.doit.hr\/dev\/wp-json\/wp\/v2\/pages\/19685"}],"wp:attachment":[{"href":"https:\/\/www.doit.hr\/dev\/wp-json\/wp\/v2\/media?parent=20017"}],"curies":[{"name":"wp","href":"https:\/\/api.w.org\/{rel}","templated":true}]}}