{"id":20038,"date":"2023-11-01T18:53:54","date_gmt":"2023-11-01T17:53:54","guid":{"rendered":"https:\/\/www.doit.hr\/dev\/?page_id=20038"},"modified":"2023-11-04T16:22:02","modified_gmt":"2023-11-04T15:22:02","slug":"led-senzorska-rasvjeta","status":"publish","type":"page","link":"https:\/\/www.doit.hr\/dev\/nase-djelatnosti\/led-senzorska-rasvjeta\/","title":{"rendered":"LED senzorska rasvjeta"},"content":{"rendered":"\t\t<div data-elementor-type=\"wp-page\" data-elementor-id=\"20038\" class=\"elementor elementor-20038\">\n\t\t\t\t\t\t\t\t\t<section class=\"elementor-section elementor-top-section elementor-element elementor-element-2768e07 elementor-section-boxed elementor-section-height-default elementor-section-height-default sc_fly_static\" data-id=\"2768e07\" data-element_type=\"section\">\n\t\t\t\t\t\t<div class=\"elementor-container elementor-column-gap-extended\">\n\t\t\t\t\t<div class=\"elementor-column elementor-col-100 elementor-top-column elementor-element elementor-element-122f9b1 sc_inner_width_none sc_content_align_inherit sc_layouts_column_icons_position_left sc_fly_static\" data-id=\"122f9b1\" data-element_type=\"column\">\n\t\t\t<div class=\"elementor-widget-wrap elementor-element-populated\">\n\t\t\t\t\t\t\t\t<div class=\"elementor-element elementor-element-d3f2dff sc_fly_static elementor-widget elementor-widget-text-editor\" data-id=\"d3f2dff\" data-element_type=\"widget\" data-widget_type=\"text-editor.default\">\n\t\t\t\t<div class=\"elementor-widget-container\">\n\t\t\t\t\t\t\t<p>Rasvjeta zajedni\u010dkih prostora u stambenim zgradama ima klju\u010dnu ulogu za sigurnost i udobnost stanara. Ovisno o lokalnim propisima i standardima, obi\u010dno se zajedni\u010dki prostori poput ulaznih hodnika, stubi\u0161ta, dvori\u0161ta i parkirali\u0161ta opremaju odre\u0111enim vrstama rasvjete.<\/p>\t\t\t\t\t\t<\/div>\n\t\t\t\t<\/div>\n\t\t\t\t<div class=\"elementor-element elementor-element-316333b sc_fly_static elementor-widget elementor-widget-image\" data-id=\"316333b\" data-element_type=\"widget\" data-widget_type=\"image.default\">\n\t\t\t\t<div class=\"elementor-widget-container\">\n\t\t\t\t\t\t\t\t\t\t\t\t\t\t\t<img loading=\"lazy\" decoding=\"async\" width=\"1920\" height=\"1280\" src=\"https:\/\/www.doit.hr\/dev\/wp-content\/uploads\/2023\/11\/doit_djelatnosti_led_rasvjeta.jpg\" class=\"attachment-full size-full wp-image-20146\" alt=\"\" srcset=\"https:\/\/www.doit.hr\/dev\/wp-content\/uploads\/2023\/11\/doit_djelatnosti_led_rasvjeta.jpg 1920w, https:\/\/www.doit.hr\/dev\/wp-content\/uploads\/2023\/11\/doit_djelatnosti_led_rasvjeta-300x200.jpg 300w, https:\/\/www.doit.hr\/dev\/wp-content\/uploads\/2023\/11\/doit_djelatnosti_led_rasvjeta-1024x683.jpg 1024w, https:\/\/www.doit.hr\/dev\/wp-content\/uploads\/2023\/11\/doit_djelatnosti_led_rasvjeta-768x512.jpg 768w, https:\/\/www.doit.hr\/dev\/wp-content\/uploads\/2023\/11\/doit_djelatnosti_led_rasvjeta-1536x1024.jpg 1536w, https:\/\/www.doit.hr\/dev\/wp-content\/uploads\/2023\/11\/doit_djelatnosti_led_rasvjeta-370x247.jpg 370w, https:\/\/www.doit.hr\/dev\/wp-content\/uploads\/2023\/11\/doit_djelatnosti_led_rasvjeta-840x560.jpg 840w, https:\/\/www.doit.hr\/dev\/wp-content\/uploads\/2023\/11\/doit_djelatnosti_led_rasvjeta-410x273.jpg 410w\" sizes=\"auto, (max-width: 1920px) 100vw, 1920px\" \/>\t\t\t\t\t\t\t\t\t\t\t\t\t\t\t<\/div>\n\t\t\t\t<\/div>\n\t\t\t\t<div class=\"elementor-element elementor-element-bdeeb7c sc_fly_static elementor-widget elementor-widget-text-editor\" data-id=\"bdeeb7c\" data-element_type=\"widget\" data-widget_type=\"text-editor.default\">\n\t\t\t\t<div class=\"elementor-widget-container\">\n\t\t\t\t\t\t\t<p>Naj\u010de\u0161\u0107e kori\u0161teni tipovi rasvjete u zajedni\u010dkim prostorima u stambenim zgradama uklju\u010duju:<\/p><ol><li>Stropne svjetiljke: Stropne svjetiljke sa svjetlosnim senzorima ili vremenskim programatorima mogu osigurati svjetlo kad je potrebno.<\/li><li>LED svjetla: LED rasvjeta je energetski u\u010dinkovita i dugotrajna te se \u010desto koristi za smanjenje potro\u0161nje energije.<\/li><li>Panik rasvjeta: U slu\u010daju nestanka struje, mo\u017ee biti potrebno osigurati autonomno svjetlo putem nu\u017enog osvjetljenja ili svjetala s ugra\u0111enim baterijama.<\/li><li>Senzori pokreta: Senzori pokreta mogu biti korisni kako bi se svjetla aktivirala samo kada je netko prisutan, \u0161to mo\u017ee dodatno smanjiti potro\u0161nju energije.<\/li><\/ol><p><strong>LED rasvjeta<\/strong> je osvjetljenje koje koristi LED (Light Emitting Diode) svjetiljke kao izvor svjetlosti. Ovo je moderna i energetski u\u010dinkovita tehnologija osvjetljenja koja je postala sve popularnija u posljednjim godinama. Evo nekoliko karakteristika i prednosti LED rasvjete:<\/p><ul><li>Energetska u\u010dinkovitost: LED svjetiljke tro\u0161e zna\u010dajno manje elektri\u010dne energije u usporedbi s tradicionalnim izvorima svjetlosti, poput \u017earulja s \u017earnom niti i kompaktne fluorescentne svjetiljke (CFL). To zna\u010di da LED rasvjeta poma\u017ee smanjiti potro\u0161nju elektri\u010dne energije i tro\u0161kove elektri\u010dne energije.<\/li><li>Duljina trajanja: LED svjetiljke imaju izuzetno dug vijek trajanja. Tipi\u010dno traju desetlje\u0107ima, \u0161to ih \u010dini izdr\u017eljivima i omogu\u0107ava smanjenje potrebe za \u010destom zamjenom svjetiljki.<\/li><li>Ekonomska isplativost: Iako su LED svjetiljke po\u010detno skuplje od nekih drugih vrsta svjetala, dugoro\u010dno \u0161tede novac jer tro\u0161e manje energije i imaju dugi vijek trajanja. To ih \u010dini ekonomski isplativim izborom.<\/li><li>Ekolo\u0161ka odr\u017eivost: LED svjetiljke ne sadr\u017ee \u0161tetne tvari poput \u017eive (koja se mo\u017ee na\u0107i u nekim CFL svjetiljkama) i manje su sklone stvaranju otpada zbog dugotrajnog vijeka trajanja.<\/li><li>Kontrola svjetlosti: LED svjetiljke omogu\u0107uju preciznu kontrolu nad svjetlo\u0161\u0107u i mogu se lako prigu\u0161iti ili promijeniti boju, ovisno o potrebama osvjetljenja.<\/li><li>Brza reakcija: LED svjetiljke trenuta\u010dno nakon \u0161to se uklju\u010de, za razliku od nekih drugih svjetala koja zahtijevaju neko vrijeme za postizanje punog sjaja.<\/li><li>Manje toplinskog isijavanja: LED svjetiljke proizvode manje topline u usporedbi s tradicionalnim svjetiljkama, \u0161to mo\u017ee pomo\u0107i u smanjenju potrebe za klimatizacijom u prostorijama.<\/li><li>Razli\u010diti oblici i veli\u010dine: LED svjetiljke dostupne su u razli\u010ditim oblicima i veli\u010dinama, od malih \u017earulja do velikih panela i traka, \u0161to omogu\u0107uje raznolikost primjena.<\/li><\/ul><p>LED rasvjeta se koristi u razli\u010ditim okru\u017eenjima, uklju\u010duju\u0107i ku\u0107e, urede, trgovine, uli\u010dnu rasvjetu, automobilska svjetla, ekrane, i mnoge druge primjene. Njezine prednosti u\u010dinile su je popularnim izborom za mnoge vrste osvjetljenja.<\/p><p><strong>Va\u017eno<\/strong> je pridr\u017eavati se lokalnih propisa i standarda za instalaciju rasvjete u zajedni\u010dkim prostorima te redovito odr\u017eavati sustav kako bi se osigurala pouzdanost i sigurnost za stanare.<\/p>\t\t\t\t\t\t<\/div>\n\t\t\t\t<\/div>\n\t\t\t\t<div class=\"elementor-element elementor-element-8f02ad0 sc_fly_static elementor-widget elementor-widget-text-editor\" data-id=\"8f02ad0\" data-element_type=\"widget\" data-widget_type=\"text-editor.default\">\n\t\t\t\t<div class=\"elementor-widget-container\">\n\t\t\t\t\t\t\t<p>Za vi\u0161e informacija vezano uz temu LED senzorska rasvjeta za poslovne prostore, ku\u0107e te stanove, slobodno nas kontaktirajte na <strong><a href=\"https:\/\/www.doit.hr\/kontakt\/\">info@doit.hr<\/a> ili <a href=\"tel:+38598798765\">+385 98 798 765<\/a><\/strong>.<\/p>\t\t\t\t\t\t<\/div>\n\t\t\t\t<\/div>\n\t\t\t\t<div class=\"elementor-element elementor-element-2f3fc23 sc_fly_static elementor-widget elementor-widget-trx_sc_button\" data-id=\"2f3fc23\" data-element_type=\"widget\" data-widget_type=\"trx_sc_button.default\">\n\t\t\t\t<div class=\"elementor-widget-container\">\n\t\t\t<div\tclass=\"sc_item_button sc_button_wrap sc_align_left\" ><a href=\"\/kontakt\/\" class=\"sc_button sc_button_shadow sc_button_hover sc_button_size_normal sc_button_with_icon sc_button_icon_right color_style_dark\" ><span class=\"sc_button_icon\"><span class=\"icon-phone\"><\/span><\/span><span class=\"sc_button_text\"><span class=\"sc_button_title\">Kontaktirajte nas<\/span><\/span><\/a><\/div>\t\t<\/div>\n\t\t\t\t<\/div>\n\t\t\t\t\t<\/div>\n\t\t<\/div>\n\t\t\t\t\t\t\t<\/div>\n\t\t<\/section>\n\t\t\t\t\t\t\t<\/div>\n\t\t","protected":false},"excerpt":{"rendered":"<p>Rasvjeta zajedni\u010dkih prostora u stambenim zgradama ima klju\u010dnu ulogu za sigurnost i udobnost stanara. Ovisno o lokalnim propisima i standardima, obi\u010dno se zajedni\u010dki prostori poput ulaznih hodnika, stubi\u0161ta, dvori\u0161ta i&hellip;<\/p>\n","protected":false},"author":1,"featured_media":0,"parent":19685,"menu_order":0,"comment_status":"closed","ping_status":"closed","template":"","meta":{"footnotes":""},"class_list":["post-20038","page","type-page","status-publish","hentry"],"_links":{"self":[{"href":"https:\/\/www.doit.hr\/dev\/wp-json\/wp\/v2\/pages\/20038","targetHints":{"allow":["GET"]}}],"collection":[{"href":"https:\/\/www.doit.hr\/dev\/wp-json\/wp\/v2\/pages"}],"about":[{"href":"https:\/\/www.doit.hr\/dev\/wp-json\/wp\/v2\/types\/page"}],"author":[{"embeddable":true,"href":"https:\/\/www.doit.hr\/dev\/wp-json\/wp\/v2\/users\/1"}],"replies":[{"embeddable":true,"href":"https:\/\/www.doit.hr\/dev\/wp-json\/wp\/v2\/comments?post=20038"}],"version-history":[{"count":10,"href":"https:\/\/www.doit.hr\/dev\/wp-json\/wp\/v2\/pages\/20038\/revisions"}],"predecessor-version":[{"id":20149,"href":"https:\/\/www.doit.hr\/dev\/wp-json\/wp\/v2\/pages\/20038\/revisions\/20149"}],"up":[{"embeddable":true,"href":"https:\/\/www.doit.hr\/dev\/wp-json\/wp\/v2\/pages\/19685"}],"wp:attachment":[{"href":"https:\/\/www.doit.hr\/dev\/wp-json\/wp\/v2\/media?parent=20038"}],"curies":[{"name":"wp","href":"https:\/\/api.w.org\/{rel}","templated":true}]}}