{"id":20043,"date":"2023-11-01T18:55:25","date_gmt":"2023-11-01T17:55:25","guid":{"rendered":"https:\/\/www.doit.hr\/dev\/?page_id=20043"},"modified":"2023-11-04T16:25:20","modified_gmt":"2023-11-04T15:25:20","slug":"kontrola-pristupa","status":"publish","type":"page","link":"https:\/\/www.doit.hr\/dev\/nase-djelatnosti\/kontrola-pristupa\/","title":{"rendered":"Kontrola pristupa"},"content":{"rendered":"\t\t<div data-elementor-type=\"wp-page\" data-elementor-id=\"20043\" class=\"elementor elementor-20043\">\n\t\t\t\t\t\t\t\t\t<section class=\"elementor-section elementor-top-section elementor-element elementor-element-a3e4a0b elementor-section-boxed elementor-section-height-default elementor-section-height-default sc_fly_static\" data-id=\"a3e4a0b\" data-element_type=\"section\">\n\t\t\t\t\t\t<div class=\"elementor-container elementor-column-gap-extended\">\n\t\t\t\t\t<div class=\"elementor-column elementor-col-100 elementor-top-column elementor-element elementor-element-d93b5c0 sc_inner_width_none sc_content_align_inherit sc_layouts_column_icons_position_left sc_fly_static\" data-id=\"d93b5c0\" data-element_type=\"column\">\n\t\t\t<div class=\"elementor-widget-wrap elementor-element-populated\">\n\t\t\t\t\t\t\t\t<div class=\"elementor-element elementor-element-7e58423 sc_fly_static elementor-widget elementor-widget-text-editor\" data-id=\"7e58423\" data-element_type=\"widget\" data-widget_type=\"text-editor.default\">\n\t\t\t\t<div class=\"elementor-widget-container\">\n\t\t\t\t\t\t\t<p>Kontrola pristupa je sigurnosna metoda koja se koristi kako bi se regulirao pristup odre\u0111enim resursima, sustavima ili informacijama unutar organizacije ili ra\u010dunalnog sustava. Ova metoda poma\u017ee u za\u0161titi osjetljivih podataka, sprje\u010dava neovla\u0161teni pristup i osigurava da samo ovla\u0161tene osobe ili ure\u0111aji mogu koristiti resurse ili informacije. Kontrola pristupa se koristi u razli\u010ditim kontekstima, kao \u0161to su ra\u010dunalni sustavi, fizi\u010dki objekti i mre\u017eni resursi.<\/p>\t\t\t\t\t\t<\/div>\n\t\t\t\t<\/div>\n\t\t\t\t<div class=\"elementor-element elementor-element-d9469b3 sc_fly_static elementor-widget elementor-widget-image\" data-id=\"d9469b3\" data-element_type=\"widget\" data-widget_type=\"image.default\">\n\t\t\t\t<div class=\"elementor-widget-container\">\n\t\t\t\t\t\t\t\t\t\t\t\t\t\t\t<img loading=\"lazy\" decoding=\"async\" width=\"1920\" height=\"1280\" src=\"https:\/\/www.doit.hr\/dev\/wp-content\/uploads\/2023\/11\/doit_djelatnosti_kontrola-pristupa.jpg\" class=\"attachment-full size-full wp-image-20150\" alt=\"\" srcset=\"https:\/\/www.doit.hr\/dev\/wp-content\/uploads\/2023\/11\/doit_djelatnosti_kontrola-pristupa.jpg 1920w, https:\/\/www.doit.hr\/dev\/wp-content\/uploads\/2023\/11\/doit_djelatnosti_kontrola-pristupa-300x200.jpg 300w, https:\/\/www.doit.hr\/dev\/wp-content\/uploads\/2023\/11\/doit_djelatnosti_kontrola-pristupa-1024x683.jpg 1024w, https:\/\/www.doit.hr\/dev\/wp-content\/uploads\/2023\/11\/doit_djelatnosti_kontrola-pristupa-768x512.jpg 768w, https:\/\/www.doit.hr\/dev\/wp-content\/uploads\/2023\/11\/doit_djelatnosti_kontrola-pristupa-1536x1024.jpg 1536w, https:\/\/www.doit.hr\/dev\/wp-content\/uploads\/2023\/11\/doit_djelatnosti_kontrola-pristupa-370x247.jpg 370w, https:\/\/www.doit.hr\/dev\/wp-content\/uploads\/2023\/11\/doit_djelatnosti_kontrola-pristupa-840x560.jpg 840w, https:\/\/www.doit.hr\/dev\/wp-content\/uploads\/2023\/11\/doit_djelatnosti_kontrola-pristupa-410x273.jpg 410w\" sizes=\"auto, (max-width: 1920px) 100vw, 1920px\" \/>\t\t\t\t\t\t\t\t\t\t\t\t\t\t\t<\/div>\n\t\t\t\t<\/div>\n\t\t\t\t<div class=\"elementor-element elementor-element-2b193f3 sc_fly_static elementor-widget elementor-widget-text-editor\" data-id=\"2b193f3\" data-element_type=\"widget\" data-widget_type=\"text-editor.default\">\n\t\t\t\t<div class=\"elementor-widget-container\">\n\t\t\t\t\t\t\t<p>Razlikujemo i jednostavne sustave kontrole pristupa u stambenim zgradama koji ograni\u010davaju neovla\u0161teni pristup osobama koje nemaju boravi\u0161te unutar stambene zgrade ili je iz nekog razloga dogovoreno da odre\u0111ene prostorije unutar zgrade koriste samo neki stanari (tipa biciklarnik, ostava\u2026)<\/p><p>Sustav kontrole pristupa u stambenoj zgradi je tehnolo\u0161ki sistem dizajniran kako bi se regulirao i osigurao pristup razli\u010ditim dijelovima zgrade, obi\u010dno radi pove\u0107anja sigurnosti i smanjenja rizika od neovla\u0161tenog ulaska. Ovdje je opis rada takvog sustava:<\/p><ol><li><strong>Identifikacija korisnika:<\/strong> Sustav kontrole pristupa prvo mora identificirati korisnike koji poku\u0161avaju u\u0107i u zgradu ili odre\u0111eni dio zgrade. Identifikacija se obi\u010dno vr\u0161i pomo\u0107u razli\u010ditih metoda, kao \u0161to su:<ul><li><strong>Klju\u010devi i kartice:<\/strong> Korisnici mogu koristiti fizi\u010dke klju\u010deve ili kartice kako bi se identificirali. Ovisno o tehnologiji, ovi klju\u010devi ili kartice mogu biti magnetni, RFID (Radio-Frequency Identification) kartice ili smart kartice.<\/li><li><strong>Biometrija:<\/strong> Sustav tako\u0111er mo\u017ee koristiti biometrijske metode identifikacije kao \u0161to su otisak prsta, skeniranje oka ili prepoznavanje lica za autentifikaciju korisnika.<\/li><\/ul><\/li><li><strong>Provjera identiteta:<\/strong> Nakon \u0161to je korisnik identificiran, sustav provjerava njihov identitet uspore\u0111uju\u0107i dobivene podatke s onima pohranjenima u bazi podataka. Ovo osigurava da korisnik ima valjano ovla\u0161tenje za pristup odre\u0111enom dijelu zgrade.<\/li><li><strong>Odluka o pristupu:<\/strong> Na temelju provjere identiteta, sustav donosi odluku o tome mo\u017ee li se korisniku dozvoliti pristup ili ne. Ako korisnik ima valjano ovla\u0161tenje, sustav omogu\u0107uje pristup, ina\u010de ga odbija.<\/li><li><strong>Pratnja i evidencija:<\/strong> Sustav kontrole pristupa obi\u010dno bilje\u017ei sve doga\u0111aje i transakcije, uklju\u010duju\u0107i vrijeme dolaska i odlaska korisnika. Ovo je korisno za pra\u0107enje tko je bio u zgradi i kada, te mo\u017ee biti korisno u slu\u010daju potrebe za istra\u017eivanjem incidenata ili provo\u0111enju revizija.<\/li><li><strong>Dodatne funkcionalnosti:<\/strong> Sustavi kontrole pristupa u stambenim zgradama mogu tako\u0111er imati dodatne funkcionalnosti kao \u0161to su:<ul><li><strong>Interfon:<\/strong> Mogu omogu\u0107iti komunikaciju izme\u0111u korisnika i osoblja na recepciji ili izme\u0111u stanara razli\u010ditih stanova.<\/li><li><strong>Daljinsko upravljanje:<\/strong> Vlasnici ili upravitelji zgrade mogu daljinski kontrolirati pristup ili privremeno suspendirati pristup odre\u0111enim korisnicima.<\/li><li><strong>Povezivanje s video nadzorom:<\/strong> Sustav kontrole pristupa mo\u017ee biti povezan s video nadzorom kako bi se bolje pratila aktivnost korisnika.<\/li><\/ul><\/li><li><strong>Upravljanje i odr\u017eavanje:<\/strong> Sustav zahtijeva redovito odr\u017eavanje kako bi ostao funkcionalan. To uklju\u010duje a\u017euriranje baza podataka korisnika, zamjenu klju\u010deva ili kartica te servisiranje hardverskih komponenti.<\/li><\/ol><p>U zaklju\u010dku, sustav kontrole pristupa u stambenoj zgradi igra klju\u010dnu ulogu u osiguranju sigurnosti i za\u0161titi imovine. Pru\u017ea u\u010dinkovit na\u010din za upravljanje pristupom i pra\u0107enje aktivnosti korisnika u zgradi.<\/p>\t\t\t\t\t\t<\/div>\n\t\t\t\t<\/div>\n\t\t\t\t<div class=\"elementor-element elementor-element-8e36cfe sc_fly_static elementor-widget elementor-widget-text-editor\" data-id=\"8e36cfe\" data-element_type=\"widget\" data-widget_type=\"text-editor.default\">\n\t\t\t\t<div class=\"elementor-widget-container\">\n\t\t\t\t\t\t\t<p>Za vi\u0161e informacija vezano uz temu kontrola pristupa za poslovne prostore, ku\u0107e te stanove, slobodno nas kontaktirajte na <strong><a href=\"https:\/\/www.doit.hr\/kontakt\/\">info@doit.hr<\/a> ili <a href=\"tel:+38598798765\">+385 98 798 765<\/a><\/strong>.<\/p>\t\t\t\t\t\t<\/div>\n\t\t\t\t<\/div>\n\t\t\t\t<div class=\"elementor-element elementor-element-8b82ef3 sc_fly_static elementor-widget elementor-widget-trx_sc_button\" data-id=\"8b82ef3\" data-element_type=\"widget\" data-widget_type=\"trx_sc_button.default\">\n\t\t\t\t<div class=\"elementor-widget-container\">\n\t\t\t<div\tclass=\"sc_item_button sc_button_wrap sc_align_left\" ><a href=\"\/kontakt\/\" class=\"sc_button sc_button_shadow sc_button_hover sc_button_size_normal sc_button_with_icon sc_button_icon_right color_style_dark\" ><span class=\"sc_button_icon\"><span class=\"icon-phone\"><\/span><\/span><span class=\"sc_button_text\"><span class=\"sc_button_title\">Kontaktirajte nas<\/span><\/span><\/a><\/div>\t\t<\/div>\n\t\t\t\t<\/div>\n\t\t\t\t\t<\/div>\n\t\t<\/div>\n\t\t\t\t\t\t\t<\/div>\n\t\t<\/section>\n\t\t\t\t\t\t\t<\/div>\n\t\t","protected":false},"excerpt":{"rendered":"<p>Kontrola pristupa je sigurnosna metoda koja se koristi kako bi se regulirao pristup odre\u0111enim resursima, sustavima ili informacijama unutar organizacije ili ra\u010dunalnog sustava. Ova metoda poma\u017ee u za\u0161titi osjetljivih podataka,&hellip;<\/p>\n","protected":false},"author":1,"featured_media":0,"parent":19685,"menu_order":0,"comment_status":"closed","ping_status":"closed","template":"","meta":{"footnotes":""},"class_list":["post-20043","page","type-page","status-publish","hentry"],"_links":{"self":[{"href":"https:\/\/www.doit.hr\/dev\/wp-json\/wp\/v2\/pages\/20043","targetHints":{"allow":["GET"]}}],"collection":[{"href":"https:\/\/www.doit.hr\/dev\/wp-json\/wp\/v2\/pages"}],"about":[{"href":"https:\/\/www.doit.hr\/dev\/wp-json\/wp\/v2\/types\/page"}],"author":[{"embeddable":true,"href":"https:\/\/www.doit.hr\/dev\/wp-json\/wp\/v2\/users\/1"}],"replies":[{"embeddable":true,"href":"https:\/\/www.doit.hr\/dev\/wp-json\/wp\/v2\/comments?post=20043"}],"version-history":[{"count":10,"href":"https:\/\/www.doit.hr\/dev\/wp-json\/wp\/v2\/pages\/20043\/revisions"}],"predecessor-version":[{"id":20153,"href":"https:\/\/www.doit.hr\/dev\/wp-json\/wp\/v2\/pages\/20043\/revisions\/20153"}],"up":[{"embeddable":true,"href":"https:\/\/www.doit.hr\/dev\/wp-json\/wp\/v2\/pages\/19685"}],"wp:attachment":[{"href":"https:\/\/www.doit.hr\/dev\/wp-json\/wp\/v2\/media?parent=20043"}],"curies":[{"name":"wp","href":"https:\/\/api.w.org\/{rel}","templated":true}]}}