{"id":20056,"date":"2023-11-01T18:59:28","date_gmt":"2023-11-01T17:59:28","guid":{"rendered":"https:\/\/www.doit.hr\/dev\/?page_id=20056"},"modified":"2023-11-04T16:33:00","modified_gmt":"2023-11-04T15:33:00","slug":"elektroinstalacije","status":"publish","type":"page","link":"https:\/\/www.doit.hr\/dev\/nase-djelatnosti\/elektroinstalacije\/","title":{"rendered":"Elektroinstalacije"},"content":{"rendered":"\t\t<div data-elementor-type=\"wp-page\" data-elementor-id=\"20056\" class=\"elementor elementor-20056\">\n\t\t\t\t\t\t\t\t\t<section class=\"elementor-section elementor-top-section elementor-element elementor-element-77d8b1c elementor-section-boxed elementor-section-height-default elementor-section-height-default sc_fly_static\" data-id=\"77d8b1c\" data-element_type=\"section\">\n\t\t\t\t\t\t<div class=\"elementor-container elementor-column-gap-extended\">\n\t\t\t\t\t<div class=\"elementor-column elementor-col-100 elementor-top-column elementor-element elementor-element-3a5ae1a sc_inner_width_none sc_content_align_inherit sc_layouts_column_icons_position_left sc_fly_static\" data-id=\"3a5ae1a\" data-element_type=\"column\">\n\t\t\t<div class=\"elementor-widget-wrap elementor-element-populated\">\n\t\t\t\t\t\t\t\t<div class=\"elementor-element elementor-element-ee42f7d sc_fly_static elementor-widget elementor-widget-text-editor\" data-id=\"ee42f7d\" data-element_type=\"widget\" data-widget_type=\"text-editor.default\">\n\t\t\t\t<div class=\"elementor-widget-container\">\n\t\t\t\t\t\t\t<p>Elektroinstalacije se odnose na sistem elektri\u010dnih vodova, komponenti i ure\u0111aja koji omogu\u0107avaju distribuciju elektri\u010dne energije unutar zgrade, ku\u0107e, ili drugih objekata. Ovi sistemi omogu\u0107avaju kori\u0161tenje elektri\u010dne energije za osvjetljenje, napajanje elektri\u010dnih aparata, grijanje, hla\u0111enje i druge elektri\u010dne potrebe. Elektroinstalacije su klju\u010dni dio svakog modernog doma i komercijalnog objekta.<\/p>\t\t\t\t\t\t<\/div>\n\t\t\t\t<\/div>\n\t\t\t\t<div class=\"elementor-element elementor-element-8ab47f4 sc_fly_static elementor-widget elementor-widget-image\" data-id=\"8ab47f4\" data-element_type=\"widget\" data-widget_type=\"image.default\">\n\t\t\t\t<div class=\"elementor-widget-container\">\n\t\t\t\t\t\t\t\t\t\t\t\t\t\t\t<img loading=\"lazy\" decoding=\"async\" width=\"1920\" height=\"1280\" src=\"https:\/\/www.doit.hr\/dev\/wp-content\/uploads\/2023\/11\/doit_djelatnosti_elektroinstalacije.jpg\" class=\"attachment-full size-full wp-image-20161\" alt=\"\" srcset=\"https:\/\/www.doit.hr\/dev\/wp-content\/uploads\/2023\/11\/doit_djelatnosti_elektroinstalacije.jpg 1920w, https:\/\/www.doit.hr\/dev\/wp-content\/uploads\/2023\/11\/doit_djelatnosti_elektroinstalacije-300x200.jpg 300w, https:\/\/www.doit.hr\/dev\/wp-content\/uploads\/2023\/11\/doit_djelatnosti_elektroinstalacije-1024x683.jpg 1024w, https:\/\/www.doit.hr\/dev\/wp-content\/uploads\/2023\/11\/doit_djelatnosti_elektroinstalacije-768x512.jpg 768w, https:\/\/www.doit.hr\/dev\/wp-content\/uploads\/2023\/11\/doit_djelatnosti_elektroinstalacije-1536x1024.jpg 1536w, https:\/\/www.doit.hr\/dev\/wp-content\/uploads\/2023\/11\/doit_djelatnosti_elektroinstalacije-370x247.jpg 370w, https:\/\/www.doit.hr\/dev\/wp-content\/uploads\/2023\/11\/doit_djelatnosti_elektroinstalacije-840x560.jpg 840w, https:\/\/www.doit.hr\/dev\/wp-content\/uploads\/2023\/11\/doit_djelatnosti_elektroinstalacije-410x273.jpg 410w\" sizes=\"auto, (max-width: 1920px) 100vw, 1920px\" \/>\t\t\t\t\t\t\t\t\t\t\t\t\t\t\t<\/div>\n\t\t\t\t<\/div>\n\t\t\t\t<div class=\"elementor-element elementor-element-15d5eda sc_fly_static elementor-widget elementor-widget-text-editor\" data-id=\"15d5eda\" data-element_type=\"widget\" data-widget_type=\"text-editor.default\">\n\t\t\t\t<div class=\"elementor-widget-container\">\n\t\t\t\t\t\t\t<p>Neki od klju\u010dnih elemenata elektroinstalacija uklju\u010duju:<\/p>\n<ul>\n<li>Elektri\u010dni panel: To je centralna to\u010dka za distribuciju elektri\u010dne energije u objektu. Panel sadr\u017ei osigura\u010de ili prekida\u010de koji kontroliraju pojedine elektri\u010dne krugove.<\/li>\n<li>Elektri\u010dni vodovi: Elektri\u010dni vodovi ili kablovi prenose elektri\u010dnu energiju od panela do razli\u010ditih to\u010daka u objektu. Ovi vodovi obi\u010dno sadr\u017ee provodnike od bakra ili aluminija.<\/li>\n<li>Osvjetljenje: Elektri\u010dne instalacije omogu\u0107avaju povezivanje svjetiljki sa elektri\u010dnom energijom. To uklju\u010duje osvjetljenje unutar prostorija, vanjsko osvjetljenje i razli\u010dite vrste svjetiljki kao \u0161to su sijalice, LED svjetla i fluorescentna svjetla.<\/li>\n<li>Uti\u010dnice i prekida\u010di: Elektri\u010dne instalacije uklju\u010duju postavljanje uti\u010dnica i prekida\u010da koji omogu\u0107avaju korisnicima da priklju\u010de ure\u0111aje i kontroliraju osvjetljenje.<\/li>\n<li>Za\u0161tita od prenapona: Ugradnja ure\u0111aja za za\u0161titu od prenapona je va\u017ean dio elektroinstalacija kako bi se elektri\u010dni ure\u0111aji za\u0161titili od o\u0161te\u0107enja izazvanih prenaponima u elektroenergetskoj mre\u017ei.<\/li>\n<li>Pravilna instalacija: Elektri\u010dni vodovi i ure\u0111aji moraju biti pravilno instalirani kako bi se izbjegli rizici od po\u017eara, elektri\u010dnih udara i drugih opasnosti.<\/li>\n<\/ul>\n<p>Va\u017eno je napomenuti da elektroinstalacije moraju biti izvedene u skladu sa lokalnim elektroenergetskim propisima i standardima kako bi se osigurala sigurnost i ispravno funkcioniranje elektri\u010dnih sistema.<\/p>\n<p><strong>Nepravilno izvedene elektroinstalacije mogu predstavljati ozbiljne opasnosti po ljude i imovinu. Zbog toga se preporu\u010duje anga\u017eiranje kvalificiranih elektri\u010dara za planiranje i izvo\u0111enje elektroinstalacija.<\/strong><\/p>\t\t\t\t\t\t<\/div>\n\t\t\t\t<\/div>\n\t\t\t\t<div class=\"elementor-element elementor-element-738d0f8 sc_fly_static elementor-widget elementor-widget-text-editor\" data-id=\"738d0f8\" data-element_type=\"widget\" data-widget_type=\"text-editor.default\">\n\t\t\t\t<div class=\"elementor-widget-container\">\n\t\t\t\t\t\t\t<p>Za vi\u0161e informacija vezano uz temu elektroinstalacije za poslovne prostore, ku\u0107e te stanove, slobodno nas kontaktirajte na <strong><a href=\"https:\/\/www.doit.hr\/kontakt\/\">info@doit.hr<\/a> ili <a href=\"tel:+38598798765\">+385 98 798 765<\/a><\/strong>.<\/p>\t\t\t\t\t\t<\/div>\n\t\t\t\t<\/div>\n\t\t\t\t<div class=\"elementor-element elementor-element-2f0e152 sc_fly_static elementor-widget elementor-widget-trx_sc_button\" data-id=\"2f0e152\" data-element_type=\"widget\" data-widget_type=\"trx_sc_button.default\">\n\t\t\t\t<div class=\"elementor-widget-container\">\n\t\t\t<div\tclass=\"sc_item_button sc_button_wrap sc_align_left\" ><a href=\"\/kontakt\/\" class=\"sc_button sc_button_shadow sc_button_hover sc_button_size_normal sc_button_with_icon sc_button_icon_right color_style_dark\" ><span class=\"sc_button_icon\"><span class=\"icon-phone\"><\/span><\/span><span class=\"sc_button_text\"><span class=\"sc_button_title\">Kontaktirajte nas<\/span><\/span><\/a><\/div>\t\t<\/div>\n\t\t\t\t<\/div>\n\t\t\t\t\t<\/div>\n\t\t<\/div>\n\t\t\t\t\t\t\t<\/div>\n\t\t<\/section>\n\t\t\t\t\t\t\t<\/div>\n\t\t","protected":false},"excerpt":{"rendered":"<p>Elektroinstalacije se odnose na sistem elektri\u010dnih vodova, komponenti i ure\u0111aja koji omogu\u0107avaju distribuciju elektri\u010dne energije unutar zgrade, ku\u0107e, ili drugih objekata. Ovi sistemi omogu\u0107avaju kori\u0161tenje elektri\u010dne energije za osvjetljenje, napajanje&hellip;<\/p>\n","protected":false},"author":1,"featured_media":0,"parent":19685,"menu_order":0,"comment_status":"closed","ping_status":"closed","template":"","meta":{"footnotes":""},"class_list":["post-20056","page","type-page","status-publish","hentry"],"_links":{"self":[{"href":"https:\/\/www.doit.hr\/dev\/wp-json\/wp\/v2\/pages\/20056","targetHints":{"allow":["GET"]}}],"collection":[{"href":"https:\/\/www.doit.hr\/dev\/wp-json\/wp\/v2\/pages"}],"about":[{"href":"https:\/\/www.doit.hr\/dev\/wp-json\/wp\/v2\/types\/page"}],"author":[{"embeddable":true,"href":"https:\/\/www.doit.hr\/dev\/wp-json\/wp\/v2\/users\/1"}],"replies":[{"embeddable":true,"href":"https:\/\/www.doit.hr\/dev\/wp-json\/wp\/v2\/comments?post=20056"}],"version-history":[{"count":10,"href":"https:\/\/www.doit.hr\/dev\/wp-json\/wp\/v2\/pages\/20056\/revisions"}],"predecessor-version":[{"id":20164,"href":"https:\/\/www.doit.hr\/dev\/wp-json\/wp\/v2\/pages\/20056\/revisions\/20164"}],"up":[{"embeddable":true,"href":"https:\/\/www.doit.hr\/dev\/wp-json\/wp\/v2\/pages\/19685"}],"wp:attachment":[{"href":"https:\/\/www.doit.hr\/dev\/wp-json\/wp\/v2\/media?parent=20056"}],"curies":[{"name":"wp","href":"https:\/\/api.w.org\/{rel}","templated":true}]}}