{"id":20057,"date":"2023-11-01T19:01:16","date_gmt":"2023-11-01T18:01:16","guid":{"rendered":"https:\/\/www.doit.hr\/dev\/?page_id=20057"},"modified":"2023-11-04T16:35:57","modified_gmt":"2023-11-04T15:35:57","slug":"gromobranski-sustavi","status":"publish","type":"page","link":"https:\/\/www.doit.hr\/dev\/nase-djelatnosti\/gromobranski-sustavi\/","title":{"rendered":"Gromobranski sustavi"},"content":{"rendered":"\t\t<div data-elementor-type=\"wp-page\" data-elementor-id=\"20057\" class=\"elementor elementor-20057\">\n\t\t\t\t\t\t\t\t\t<section class=\"elementor-section elementor-top-section elementor-element elementor-element-eecf508 elementor-section-boxed elementor-section-height-default elementor-section-height-default sc_fly_static\" data-id=\"eecf508\" data-element_type=\"section\">\n\t\t\t\t\t\t<div class=\"elementor-container elementor-column-gap-extended\">\n\t\t\t\t\t<div class=\"elementor-column elementor-col-100 elementor-top-column elementor-element elementor-element-2ea55d6 sc_inner_width_none sc_content_align_inherit sc_layouts_column_icons_position_left sc_fly_static\" data-id=\"2ea55d6\" data-element_type=\"column\">\n\t\t\t<div class=\"elementor-widget-wrap elementor-element-populated\">\n\t\t\t\t\t\t\t\t<div class=\"elementor-element elementor-element-e328cc6 sc_fly_static elementor-widget elementor-widget-text-editor\" data-id=\"e328cc6\" data-element_type=\"widget\" data-widget_type=\"text-editor.default\">\n\t\t\t\t<div class=\"elementor-widget-container\">\n\t\t\t\t\t\t\t<p><span style=\"background-color: var(--theme-color-bg_color); color: var(--theme-color-text); font-size: 18px; letter-spacing: 0.1px;\">U Republici Hrvatskoj, gromobranske instalacije su regulirane prema Zakonu o prostornom ure\u0111enju i gra\u0111enju (NN 153\/13, 65\/17, 114\/18, 39\/19, 148\/19) te Pravilnikom o gromobranskim instalacijama (NN 51\/14, 81\/16, 29\/18). Prema tim propisima gromobranske instalacije su obavezne na svim objektima u kojima se boravi ili rade te na objektima od posebnog interesa za za\u0161titu ljudi i imovine.<\/span><\/p>\t\t\t\t\t\t<\/div>\n\t\t\t\t<\/div>\n\t\t\t\t<div class=\"elementor-element elementor-element-63eaadc sc_fly_static elementor-widget elementor-widget-image\" data-id=\"63eaadc\" data-element_type=\"widget\" data-widget_type=\"image.default\">\n\t\t\t\t<div class=\"elementor-widget-container\">\n\t\t\t\t\t\t\t\t\t\t\t\t\t\t\t<img loading=\"lazy\" decoding=\"async\" width=\"1920\" height=\"1280\" src=\"https:\/\/www.doit.hr\/dev\/wp-content\/uploads\/2023\/11\/doit_djelatnosti_gromobranski_sustavi.jpg\" class=\"attachment-full size-full wp-image-20165\" alt=\"\" srcset=\"https:\/\/www.doit.hr\/dev\/wp-content\/uploads\/2023\/11\/doit_djelatnosti_gromobranski_sustavi.jpg 1920w, https:\/\/www.doit.hr\/dev\/wp-content\/uploads\/2023\/11\/doit_djelatnosti_gromobranski_sustavi-300x200.jpg 300w, https:\/\/www.doit.hr\/dev\/wp-content\/uploads\/2023\/11\/doit_djelatnosti_gromobranski_sustavi-1024x683.jpg 1024w, https:\/\/www.doit.hr\/dev\/wp-content\/uploads\/2023\/11\/doit_djelatnosti_gromobranski_sustavi-768x512.jpg 768w, https:\/\/www.doit.hr\/dev\/wp-content\/uploads\/2023\/11\/doit_djelatnosti_gromobranski_sustavi-1536x1024.jpg 1536w, https:\/\/www.doit.hr\/dev\/wp-content\/uploads\/2023\/11\/doit_djelatnosti_gromobranski_sustavi-370x247.jpg 370w, https:\/\/www.doit.hr\/dev\/wp-content\/uploads\/2023\/11\/doit_djelatnosti_gromobranski_sustavi-840x560.jpg 840w, https:\/\/www.doit.hr\/dev\/wp-content\/uploads\/2023\/11\/doit_djelatnosti_gromobranski_sustavi-410x273.jpg 410w\" sizes=\"auto, (max-width: 1920px) 100vw, 1920px\" \/>\t\t\t\t\t\t\t\t\t\t\t\t\t\t\t<\/div>\n\t\t\t\t<\/div>\n\t\t\t\t<div class=\"elementor-element elementor-element-2deb9bf sc_fly_static elementor-widget elementor-widget-text-editor\" data-id=\"2deb9bf\" data-element_type=\"widget\" data-widget_type=\"text-editor.default\">\n\t\t\t\t<div class=\"elementor-widget-container\">\n\t\t\t\t\t\t\t<p>Vrste gromobranskih instalacija uklju\u010duju:<\/p><ol><li>Gromobranske trake &#8211; instaliraju se na ravne krovove ili krovove s malim nagibom.<\/li><li>Gromobranske \u0161ipke &#8211; postavljaju se na objekte s kosi krovom.<\/li><li>Gromobranske plo\u010de &#8211; koriste se na objektima koji imaju ravni krov s jednostavnom izvedbom.<\/li><\/ol><p>Gromobranska instalacija u stambenim zgradama je sistem koji se koristi radi za\u0161tite zgrada od udara groma. Ova instalacija uklju\u010duje nekoliko klju\u010dnih komponenti:<\/p><ol><li><strong>Munjevod<\/strong>: To je ure\u0111aj koji privla\u010di munju i usmjerava je ka odre\u0111enom putu, \u010desto kroz metalni kabl, kako bi se sprije\u010dilo o\u0161te\u0107enje zgrade.<\/li><li><strong>Odvodnici<\/strong>: Metalni kablovi ili trake koji se prostiru du\u017e povr\u0161ine zgrade i povezani su sa munjevodom. Oni omogu\u0107avaju da elektri\u010dna energija iz munje sigurno napusti zgradu i preusmjeri se prema zemlji.<\/li><li><strong>Gromobranski ure\u0111aji<\/strong>: Ovi ure\u0111aji se postavljaju na krovu i vrhu zgrade i poma\u017eu u privla\u010denju munje prema munjevodu.<\/li><li><strong>Uzemljenje<\/strong>: Klju\u010dni dio sistema je dobro dizajnirano uzemljenje. To osigurava da elektri\u010dka energija iz munje bude sigurno odvedena u zemlju bez o\u0161te\u0107enja zgrade ili opreme.<\/li><li><strong>Nadle\u017eno odr\u017eavanje<\/strong>: Gromobransku instalaciju treba redovno odr\u017eavati kako bi se osigurala njen efikasan rad.<\/li><\/ol><p>Ova instalacija je od znatnog zna\u010daja za za\u0161titu stambenih zgrada od o\u0161te\u0107enja uzrokovanih udarima groma, kao \u0161to su po\u017eari ili o\u0161te\u0107enje elektri\u010dnih sistema. Va\u017eno je pridr\u017eavati se lokalnih gra\u0111evinskih kodeksa i standarda kako bi se osigurala ispravna instalacija i odr\u017eavanje gromobranskog sistema.<\/p><p>Izrada atesta za gromobransku instalaciju u Hrvatskoj obi\u010dno zahtijeva suradnju s ovla\u0161tenim stru\u010dnjacima i tijelima koja su ovla\u0161tena za izdavanje atesta.<\/p><p><strong>Evo koraka koje trebate slijediti kako biste dobili atest za gromobransku instalaciju u Hrvatskoj:<\/strong><\/p><ol><li>Anga\u017eirajte stru\u010dnjaka: Prvi korak je anga\u017eiranje stru\u010dnjaka koji \u0107e provjeriti va\u0161u gromobransku instalaciju i osigurati da ispunjava sve tehni\u010dke i sigurnosne standarde. Ovaj stru\u010dnjak obi\u010dno mora biti ovla\u0161teni in\u017eenjer elektrotehnike ili stru\u010dnjak za gromobranske instalacije.<\/li><li>Ispravite eventualne nedostatke: Ako stru\u010dnjak prona\u0111e nedostatke ili potrebne promjene, morate ih ispraviti kako bi instalacija bila uskla\u0111ena sa standardima.<\/li><li>Izrada tehni\u010dke dokumentacije: Trebate pripremiti tehni\u010dku dokumentaciju koja opisuje sve aspekte gromobranske instalacije, uklju\u010duju\u0107i planiranje, dizajn, materijale i tehni\u010dke specifikacije.<\/li><li>Prijava za atest: Nakon \u0161to stru\u010dnjak potvrdi da je instalacija ispravna, trebate se obratiti nadle\u017enom tijelu u Hrvatskoj za izdavanje atesta. Ovo tijelo obi\u010dno mo\u017ee biti Elektro inspekcija Republike Hrvatske ili sli\u010dna agencija.<\/li><li>Inspekcija: Inspektori \u0107e provesti inspekciju va\u0161e instalacije kako bi se uvjerili da je sve u skladu sa standardima. Ako pro\u0111e inspekciju, dobit \u0107ete atest.<\/li><li>Pla\u0107anje naknade: Postoji naknada za izdavanje atesta koju morate platiti.<\/li><li>Izdavanje atesta: Nakon \u0161to su sve provjere uspje\u0161no provedene i naknada je pla\u0107ena, tijelo za izdavanje atesta izdat \u0107e vam slu\u017ebeni atest za va\u0161u gromobransku instalaciju.<\/li><li>Periodi\u010dka provjera: Va\u017eno je napomenuti da gromobranske instalacije obi\u010dno zahtijevaju periodi\u010dku provjeru kako bi se osiguralo da i dalje ispunjavaju sigurnosne standarde.<\/li><\/ol>\t\t\t\t\t\t<\/div>\n\t\t\t\t<\/div>\n\t\t\t\t<div class=\"elementor-element elementor-element-9548540 sc_fly_static elementor-widget elementor-widget-text-editor\" data-id=\"9548540\" data-element_type=\"widget\" data-widget_type=\"text-editor.default\">\n\t\t\t\t<div class=\"elementor-widget-container\">\n\t\t\t\t\t\t\t<p>Za vi\u0161e informacija vezano uz temu gromobranski sustavi za poslovne prostore, ku\u0107e te stanove, slobodno nas kontaktirajte na <strong><a href=\"https:\/\/www.doit.hr\/kontakt\/\">info@doit.hr<\/a> ili <a href=\"tel:+38598798765\">+385 98 798 765<\/a><\/strong>.<\/p>\t\t\t\t\t\t<\/div>\n\t\t\t\t<\/div>\n\t\t\t\t<div class=\"elementor-element elementor-element-d236c60 sc_fly_static elementor-widget elementor-widget-trx_sc_button\" data-id=\"d236c60\" data-element_type=\"widget\" data-widget_type=\"trx_sc_button.default\">\n\t\t\t\t<div class=\"elementor-widget-container\">\n\t\t\t<div\tclass=\"sc_item_button sc_button_wrap sc_align_left\" ><a href=\"\/kontakt\/\" class=\"sc_button sc_button_shadow sc_button_hover sc_button_size_normal sc_button_with_icon sc_button_icon_right color_style_dark\" ><span class=\"sc_button_icon\"><span class=\"icon-phone\"><\/span><\/span><span class=\"sc_button_text\"><span class=\"sc_button_title\">Kontaktirajte nas<\/span><\/span><\/a><\/div>\t\t<\/div>\n\t\t\t\t<\/div>\n\t\t\t\t\t<\/div>\n\t\t<\/div>\n\t\t\t\t\t\t\t<\/div>\n\t\t<\/section>\n\t\t\t\t\t\t\t<\/div>\n\t\t","protected":false},"excerpt":{"rendered":"<p>U Republici Hrvatskoj, gromobranske instalacije su regulirane prema Zakonu o prostornom ure\u0111enju i gra\u0111enju (NN 153\/13, 65\/17, 114\/18, 39\/19, 148\/19) te Pravilnikom o gromobranskim instalacijama (NN 51\/14, 81\/16, 29\/18). Prema&hellip;<\/p>\n","protected":false},"author":1,"featured_media":0,"parent":19685,"menu_order":0,"comment_status":"closed","ping_status":"closed","template":"","meta":{"footnotes":""},"class_list":["post-20057","page","type-page","status-publish","hentry"],"_links":{"self":[{"href":"https:\/\/www.doit.hr\/dev\/wp-json\/wp\/v2\/pages\/20057","targetHints":{"allow":["GET"]}}],"collection":[{"href":"https:\/\/www.doit.hr\/dev\/wp-json\/wp\/v2\/pages"}],"about":[{"href":"https:\/\/www.doit.hr\/dev\/wp-json\/wp\/v2\/types\/page"}],"author":[{"embeddable":true,"href":"https:\/\/www.doit.hr\/dev\/wp-json\/wp\/v2\/users\/1"}],"replies":[{"embeddable":true,"href":"https:\/\/www.doit.hr\/dev\/wp-json\/wp\/v2\/comments?post=20057"}],"version-history":[{"count":7,"href":"https:\/\/www.doit.hr\/dev\/wp-json\/wp\/v2\/pages\/20057\/revisions"}],"predecessor-version":[{"id":20168,"href":"https:\/\/www.doit.hr\/dev\/wp-json\/wp\/v2\/pages\/20057\/revisions\/20168"}],"up":[{"embeddable":true,"href":"https:\/\/www.doit.hr\/dev\/wp-json\/wp\/v2\/pages\/19685"}],"wp:attachment":[{"href":"https:\/\/www.doit.hr\/dev\/wp-json\/wp\/v2\/media?parent=20057"}],"curies":[{"name":"wp","href":"https:\/\/api.w.org\/{rel}","templated":true}]}}