{"id":20077,"date":"2023-11-01T19:03:35","date_gmt":"2023-11-01T18:03:35","guid":{"rendered":"https:\/\/www.doit.hr\/dev\/?page_id=20077"},"modified":"2023-11-04T16:45:54","modified_gmt":"2023-11-04T15:45:54","slug":"odrzavanje-zgrada","status":"publish","type":"page","link":"https:\/\/www.doit.hr\/dev\/nase-djelatnosti\/odrzavanje-zgrada\/","title":{"rendered":"Odr\u017eavanje zgrada"},"content":{"rendered":"\t\t<div data-elementor-type=\"wp-page\" data-elementor-id=\"20077\" class=\"elementor elementor-20077\">\n\t\t\t\t\t\t\t\t\t<section class=\"elementor-section elementor-top-section elementor-element elementor-element-90fc2e0 elementor-section-boxed elementor-section-height-default elementor-section-height-default sc_fly_static\" data-id=\"90fc2e0\" data-element_type=\"section\">\n\t\t\t\t\t\t<div class=\"elementor-container elementor-column-gap-extended\">\n\t\t\t\t\t<div class=\"elementor-column elementor-col-100 elementor-top-column elementor-element elementor-element-b275a78 sc_inner_width_none sc_content_align_inherit sc_layouts_column_icons_position_left sc_fly_static\" data-id=\"b275a78\" data-element_type=\"column\">\n\t\t\t<div class=\"elementor-widget-wrap elementor-element-populated\">\n\t\t\t\t\t\t\t\t<div class=\"elementor-element elementor-element-59c26f4 sc_fly_static elementor-widget elementor-widget-text-editor\" data-id=\"59c26f4\" data-element_type=\"widget\" data-widget_type=\"text-editor.default\">\n\t\t\t\t<div class=\"elementor-widget-container\">\n\t\t\t\t\t\t\t<p>Odr\u017eavanje zgrada je va\u017ean proces koji se sastoji od razli\u010ditih aktivnosti i brige o zgradama kako bi se osigurala njihova sigurnost, funkcionalnost i estetika.<\/p>\t\t\t\t\t\t<\/div>\n\t\t\t\t<\/div>\n\t\t\t\t<div class=\"elementor-element elementor-element-e3eed98 sc_fly_static elementor-widget elementor-widget-image\" data-id=\"e3eed98\" data-element_type=\"widget\" data-widget_type=\"image.default\">\n\t\t\t\t<div class=\"elementor-widget-container\">\n\t\t\t\t\t\t\t\t\t\t\t\t\t\t\t<img loading=\"lazy\" decoding=\"async\" width=\"1920\" height=\"1280\" src=\"https:\/\/www.doit.hr\/dev\/wp-content\/uploads\/2023\/11\/doit_djelatnosti_odrzavanje_zgrada.jpg\" class=\"attachment-full size-full wp-image-20180\" alt=\"\" srcset=\"https:\/\/www.doit.hr\/dev\/wp-content\/uploads\/2023\/11\/doit_djelatnosti_odrzavanje_zgrada.jpg 1920w, https:\/\/www.doit.hr\/dev\/wp-content\/uploads\/2023\/11\/doit_djelatnosti_odrzavanje_zgrada-300x200.jpg 300w, https:\/\/www.doit.hr\/dev\/wp-content\/uploads\/2023\/11\/doit_djelatnosti_odrzavanje_zgrada-1024x683.jpg 1024w, https:\/\/www.doit.hr\/dev\/wp-content\/uploads\/2023\/11\/doit_djelatnosti_odrzavanje_zgrada-768x512.jpg 768w, https:\/\/www.doit.hr\/dev\/wp-content\/uploads\/2023\/11\/doit_djelatnosti_odrzavanje_zgrada-1536x1024.jpg 1536w, https:\/\/www.doit.hr\/dev\/wp-content\/uploads\/2023\/11\/doit_djelatnosti_odrzavanje_zgrada-370x247.jpg 370w, https:\/\/www.doit.hr\/dev\/wp-content\/uploads\/2023\/11\/doit_djelatnosti_odrzavanje_zgrada-840x560.jpg 840w, https:\/\/www.doit.hr\/dev\/wp-content\/uploads\/2023\/11\/doit_djelatnosti_odrzavanje_zgrada-410x273.jpg 410w\" sizes=\"auto, (max-width: 1920px) 100vw, 1920px\" \/>\t\t\t\t\t\t\t\t\t\t\t\t\t\t\t<\/div>\n\t\t\t\t<\/div>\n\t\t\t\t<div class=\"elementor-element elementor-element-1968c76 sc_fly_static elementor-widget elementor-widget-text-editor\" data-id=\"1968c76\" data-element_type=\"widget\" data-widget_type=\"text-editor.default\">\n\t\t\t\t<div class=\"elementor-widget-container\">\n\t\t\t\t\t\t\t<p>. Ovo je posebno va\u017eno za dugotrajnu o\u010duvanost i vrijednost zgrade. Nekoliko klju\u010dnih aspekata odr\u017eavanja zgrada:<\/p><ul><li>Inspekcije: Redovite inspekcije poma\u017eu u identificiranju potencijalnih problema i potreba za popravkom ili zamjenom dijelova zgrade.<\/li><li>Odr\u017eavanje sustava: Osiguravanje ispravnog rada elektri\u010dnih, vodovodnih, grijanja, ventilacije i klimatizacijskih sustava je klju\u010dno za udobnost i sigurnost stanara.<\/li><li>Popravci i obnova: Popravci se izvode kako bi se rije\u0161ili o\u0161te\u0107enja ili nedostaci u zgradi, dok se obnova provodi kako bi se zadr\u017eala ili pobolj\u0161ala struktura i izgled zgrade.<\/li><li>Upotreba odr\u017eivih materijala: Pri odr\u017eavanju zgrade, kori\u0161tenje odr\u017eivih materijala i tehnika mo\u017ee smanjiti negativan utjecaj na okoli\u0161 i smanjiti tro\u0161kove energije.<\/li><li>Sigurnosne mjere: Odr\u017eavanje sigurnosnih sistema kao \u0161to su protupo\u017earni sustavi i alarmi, kao i osiguravanje sigurnih uvjeta kori\u0161tenja zgrade, klju\u010dni su za za\u0161titu stanara.<\/li><li>Upravljanje tro\u0161kovima: Odr\u017eavanje zgrada zahtijeva prora\u010dunske planove i upravljanje tro\u0161kovima kako bi se osiguralo da su financijski resursi dovoljni za odr\u017eavanje i unaprje\u0111enje zgrade.<\/li><li>Zakonski zahtjevi: Pratite sve zakone i propise koji se odnose na odr\u017eavanje zgrada, uklju\u010duju\u0107i zahtjeve za pristupa\u010dnost, energetsku u\u010dinkovitost i sigurnost.<\/li><li>Komunikacija sa stanarima: Redovita komunikacija sa stanarima ili vlasnicima zgrada va\u017ena je kako bi se razmijenile informacije o planovima odr\u017eavanja i popravcima te kako bi se obratile njihove potrebe i zabrinutosti.<\/li><li>Preventivno odr\u017eavanje: Preventivno odr\u017eavanje poma\u017ee u sprje\u010davanju ozbiljnih problema i skupih popravaka u budu\u0107nosti.<\/li><\/ul><p>Odr\u017eavanje zgrada mo\u017ee varirati ovisno o vrsti zgrade, njenim specifi\u010dnim potrebama i zakonodavstvu koje vrijedi u odre\u0111enom podru\u010dju. U mnogim slu\u010dajevima, upravitelji zgrada ili udruge stanara imaju klju\u010dnu ulogu u planiranju i provedbi odr\u017eavanja zgrada.<\/p>\t\t\t\t\t\t<\/div>\n\t\t\t\t<\/div>\n\t\t\t\t<div class=\"elementor-element elementor-element-ae40a4f sc_fly_static elementor-widget elementor-widget-text-editor\" data-id=\"ae40a4f\" data-element_type=\"widget\" data-widget_type=\"text-editor.default\">\n\t\t\t\t<div class=\"elementor-widget-container\">\n\t\t\t\t\t\t\t<p>Za vi\u0161e informacija vezano uz temu o dr\u017eavanje zgrada, poslovnih prostora te ku\u0107a, slobodno nas kontaktirajte na <strong><a href=\"https:\/\/www.doit.hr\/kontakt\/\">info@doit.hr<\/a> ili <a href=\"tel:+38598798765\">+385 98 798 765<\/a><\/strong>.<\/p>\t\t\t\t\t\t<\/div>\n\t\t\t\t<\/div>\n\t\t\t\t<div class=\"elementor-element elementor-element-8f4c48f sc_fly_static elementor-widget elementor-widget-trx_sc_button\" data-id=\"8f4c48f\" data-element_type=\"widget\" data-widget_type=\"trx_sc_button.default\">\n\t\t\t\t<div class=\"elementor-widget-container\">\n\t\t\t<div\tclass=\"sc_item_button sc_button_wrap sc_align_left\" ><a href=\"\/kontakt\/\" class=\"sc_button sc_button_shadow sc_button_hover sc_button_size_normal sc_button_with_icon sc_button_icon_right color_style_dark\" ><span class=\"sc_button_icon\"><span class=\"icon-phone\"><\/span><\/span><span class=\"sc_button_text\"><span class=\"sc_button_title\">Kontaktirajte nas<\/span><\/span><\/a><\/div>\t\t<\/div>\n\t\t\t\t<\/div>\n\t\t\t\t\t<\/div>\n\t\t<\/div>\n\t\t\t\t\t\t\t<\/div>\n\t\t<\/section>\n\t\t\t\t\t\t\t<\/div>\n\t\t","protected":false},"excerpt":{"rendered":"<p>Odr\u017eavanje zgrada je va\u017ean proces koji se sastoji od razli\u010ditih aktivnosti i brige o zgradama kako bi se osigurala njihova sigurnost, funkcionalnost i estetika. . Ovo je posebno va\u017eno za&hellip;<\/p>\n","protected":false},"author":1,"featured_media":0,"parent":19685,"menu_order":0,"comment_status":"closed","ping_status":"closed","template":"","meta":{"footnotes":""},"class_list":["post-20077","page","type-page","status-publish","hentry"],"_links":{"self":[{"href":"https:\/\/www.doit.hr\/dev\/wp-json\/wp\/v2\/pages\/20077","targetHints":{"allow":["GET"]}}],"collection":[{"href":"https:\/\/www.doit.hr\/dev\/wp-json\/wp\/v2\/pages"}],"about":[{"href":"https:\/\/www.doit.hr\/dev\/wp-json\/wp\/v2\/types\/page"}],"author":[{"embeddable":true,"href":"https:\/\/www.doit.hr\/dev\/wp-json\/wp\/v2\/users\/1"}],"replies":[{"embeddable":true,"href":"https:\/\/www.doit.hr\/dev\/wp-json\/wp\/v2\/comments?post=20077"}],"version-history":[{"count":7,"href":"https:\/\/www.doit.hr\/dev\/wp-json\/wp\/v2\/pages\/20077\/revisions"}],"predecessor-version":[{"id":20183,"href":"https:\/\/www.doit.hr\/dev\/wp-json\/wp\/v2\/pages\/20077\/revisions\/20183"}],"up":[{"embeddable":true,"href":"https:\/\/www.doit.hr\/dev\/wp-json\/wp\/v2\/pages\/19685"}],"wp:attachment":[{"href":"https:\/\/www.doit.hr\/dev\/wp-json\/wp\/v2\/media?parent=20077"}],"curies":[{"name":"wp","href":"https:\/\/api.w.org\/{rel}","templated":true}]}}