{"id":20078,"date":"2023-11-01T19:04:28","date_gmt":"2023-11-01T18:04:28","guid":{"rendered":"https:\/\/www.doit.hr\/dev\/?page_id=20078"},"modified":"2023-11-04T16:41:28","modified_gmt":"2023-11-04T15:41:28","slug":"vatrodojava","status":"publish","type":"page","link":"https:\/\/www.doit.hr\/dev\/nase-djelatnosti\/vatrodojava\/","title":{"rendered":"Vatrodojava"},"content":{"rendered":"\t\t<div data-elementor-type=\"wp-page\" data-elementor-id=\"20078\" class=\"elementor elementor-20078\">\n\t\t\t\t\t\t\t\t\t<section class=\"elementor-section elementor-top-section elementor-element elementor-element-ca1f24c elementor-section-boxed elementor-section-height-default elementor-section-height-default sc_fly_static\" data-id=\"ca1f24c\" data-element_type=\"section\">\n\t\t\t\t\t\t<div class=\"elementor-container elementor-column-gap-extended\">\n\t\t\t\t\t<div class=\"elementor-column elementor-col-100 elementor-top-column elementor-element elementor-element-b8ac4c8 sc_inner_width_none sc_content_align_inherit sc_layouts_column_icons_position_left sc_fly_static\" data-id=\"b8ac4c8\" data-element_type=\"column\">\n\t\t\t<div class=\"elementor-widget-wrap elementor-element-populated\">\n\t\t\t\t\t\t\t\t<div class=\"elementor-element elementor-element-c3fe216 sc_fly_static elementor-widget elementor-widget-text-editor\" data-id=\"c3fe216\" data-element_type=\"widget\" data-widget_type=\"text-editor.default\">\n\t\t\t\t<div class=\"elementor-widget-container\">\n\t\t\t\t\t\t\t<p>Vatrodojava mo\u017ee uklju\u010divati razli\u010dite ure\u0111aje i sustave koji slu\u017ee za otkrivanje po\u017eara, kao \u0161to su dimni detektori, toplinski detektori, sustavi za automatsko ga\u0161enje po\u017eara, ru\u010dni ili automatski alarmi te sredstva za obavje\u0161tavanje ljudi o opasnosti od po\u017eara, kao \u0161to su sirene ili svjetlosni signali.<\/p>\t\t\t\t\t\t<\/div>\n\t\t\t\t<\/div>\n\t\t\t\t<div class=\"elementor-element elementor-element-4f43d5d sc_fly_static elementor-widget elementor-widget-image\" data-id=\"4f43d5d\" data-element_type=\"widget\" data-widget_type=\"image.default\">\n\t\t\t\t<div class=\"elementor-widget-container\">\n\t\t\t\t\t\t\t\t\t\t\t\t\t\t\t<img loading=\"lazy\" decoding=\"async\" width=\"1920\" height=\"1280\" src=\"https:\/\/www.doit.hr\/dev\/wp-content\/uploads\/2023\/11\/doit_djelatnosti_vatrodojava.jpg\" class=\"attachment-full size-full wp-image-20176\" alt=\"\" srcset=\"https:\/\/www.doit.hr\/dev\/wp-content\/uploads\/2023\/11\/doit_djelatnosti_vatrodojava.jpg 1920w, https:\/\/www.doit.hr\/dev\/wp-content\/uploads\/2023\/11\/doit_djelatnosti_vatrodojava-300x200.jpg 300w, https:\/\/www.doit.hr\/dev\/wp-content\/uploads\/2023\/11\/doit_djelatnosti_vatrodojava-1024x683.jpg 1024w, https:\/\/www.doit.hr\/dev\/wp-content\/uploads\/2023\/11\/doit_djelatnosti_vatrodojava-768x512.jpg 768w, https:\/\/www.doit.hr\/dev\/wp-content\/uploads\/2023\/11\/doit_djelatnosti_vatrodojava-1536x1024.jpg 1536w, https:\/\/www.doit.hr\/dev\/wp-content\/uploads\/2023\/11\/doit_djelatnosti_vatrodojava-370x247.jpg 370w, https:\/\/www.doit.hr\/dev\/wp-content\/uploads\/2023\/11\/doit_djelatnosti_vatrodojava-840x560.jpg 840w, https:\/\/www.doit.hr\/dev\/wp-content\/uploads\/2023\/11\/doit_djelatnosti_vatrodojava-410x273.jpg 410w\" sizes=\"auto, (max-width: 1920px) 100vw, 1920px\" \/>\t\t\t\t\t\t\t\t\t\t\t\t\t\t\t<\/div>\n\t\t\t\t<\/div>\n\t\t\t\t<div class=\"elementor-element elementor-element-a836f67 sc_fly_static elementor-widget elementor-widget-text-editor\" data-id=\"a836f67\" data-element_type=\"widget\" data-widget_type=\"text-editor.default\">\n\t\t\t\t<div class=\"elementor-widget-container\">\n\t\t\t\t\t\t\t<p>Osiguravanje u\u010dinkovite vatrodojave klju\u010dno je za za\u0161titu ljudi i imovine od po\u017eara, jer omogu\u0107uje brzu reakciju i evakuaciju u slu\u010daju izbijanja po\u017eara. Sustavi vatrodojave \u010desto su obvezni u raznim vrstama zgrada i objekata kako bi se osigurala sigurnost.<\/p><p>Evo nekoliko primjera:<\/p><ol><li><strong>Detektor dima:<\/strong><ul><li><strong>Opis rada:<\/strong> Detektori dima koriste senzore za otkrivanje \u010destica dima u zraku. Kada detektor otkrije dim iznad odre\u0111ene razine, obi\u010dno aktivira alarm. Postoji nekoliko tipova senzora, uklju\u010duju\u0107i fotoelektri\u010dne, ionske i opti\u010dke senzore.<\/li><\/ul><\/li><li><strong>Detektor topline:<\/strong><ul><li><strong>Opis rada:<\/strong> Detektori topline reagiraju na pove\u0107anje temperature iznad odre\u0111ene razine. Obi\u010dno se koriste u prostorima gdje prisutnost dima nije uobi\u010dajena, kao \u0161to su kuhinje.<\/li><\/ul><\/li><li><strong>Detektor plamena:<\/strong><ul><li><strong>Opis rada:<\/strong> Detektori plamena koriste opti\u010dke senzore za otkrivanje prisutnosti otvorenog plamena. Ovi detektori su posebno korisni za rano otkrivanje po\u017eara koji su nastali od otvorenog plamena.<\/li><\/ul><\/li><li><strong>Sustavi za automatsko ga\u0161enje po\u017eara:<\/strong><ul><li><strong>Opis rada:<\/strong> Ovi sustavi ne samo da detektiraju po\u017ear, ve\u0107 i automatski poduzimaju mjere za ga\u0161enje po\u017eara. Primjeri uklju\u010duju sprinkler sustave koji ispu\u0161taju vodu ili kemikalije za ga\u0161enje po\u017eara kada se detektira po\u017ear.<\/li><\/ul><\/li><li><strong>Adresabilni sustavi vatrodojave:<\/strong><ul><li><strong>Opis rada:<\/strong> Ovi sustavi omogu\u0107uju precizno odre\u0111ivanje to\u010dke po\u017eara u objektu. Svaki detektor ima svoju adresu, pa se informacije o po\u017earu mogu br\u017ee i preciznije locirati.<\/li><\/ul><\/li><li><strong>Sustavi za pra\u0107enje i izvje\u0161\u0107ivanje:<\/strong><ul><li><strong>Opis rada:<\/strong> Ovi sustavi povezani su s nadzornim centrima ili vatrogasnim stanicama. Kada se detektira po\u017ear, sustav automatski \u0161alje upozorenje odgovaraju\u0107im autoritetima koji mogu reagirati i poslati vatrogasce na mjesto doga\u0111aja.<\/li><\/ul><\/li><li><strong>Sustavi za\u0161tite od la\u017enih alarma:<\/strong><ul><li><strong>Opis rada:<\/strong> Da bi se smanjila pojava la\u017enih alarma, neki sustavi vatrodojave koriste dodatne senzore, poput plina ili temperature, kako bi potvrdili prisutnost po\u017eara prije nego \u0161to aktiviraju alarm.<\/li><\/ul><\/li><\/ol><p>Sustavi vatrodojave mogu biti klju\u010dni za brzu reakciju na po\u017eare i spa\u0161avanje \u017eivota te smanjenje \u0161tete na imovini. Njihov izbor ovisi o specifi\u010dnim potrebama i karakteristikama objekta koji se \u0161titi.<\/p>\t\t\t\t\t\t<\/div>\n\t\t\t\t<\/div>\n\t\t\t\t<div class=\"elementor-element elementor-element-af232fb sc_fly_static elementor-widget elementor-widget-text-editor\" data-id=\"af232fb\" data-element_type=\"widget\" data-widget_type=\"text-editor.default\">\n\t\t\t\t<div class=\"elementor-widget-container\">\n\t\t\t\t\t\t\t<p>Za vi\u0161e informacija vezano uz temu vatrodojava za poslovne prostore, ku\u0107e te stanove, slobodno nas kontaktirajte na <strong><a href=\"https:\/\/www.doit.hr\/kontakt\/\">info@doit.hr<\/a> ili <a href=\"tel:+38598798765\">+385 98 798 765<\/a><\/strong>.<\/p>\t\t\t\t\t\t<\/div>\n\t\t\t\t<\/div>\n\t\t\t\t<div class=\"elementor-element elementor-element-9cbf555 sc_fly_static elementor-widget elementor-widget-trx_sc_button\" data-id=\"9cbf555\" data-element_type=\"widget\" data-widget_type=\"trx_sc_button.default\">\n\t\t\t\t<div class=\"elementor-widget-container\">\n\t\t\t<div\tclass=\"sc_item_button sc_button_wrap sc_align_left\" ><a href=\"\/kontakt\/\" class=\"sc_button sc_button_shadow sc_button_hover sc_button_size_normal sc_button_with_icon sc_button_icon_right color_style_dark\" ><span class=\"sc_button_icon\"><span class=\"icon-phone\"><\/span><\/span><span class=\"sc_button_text\"><span class=\"sc_button_title\">Kontaktirajte nas<\/span><\/span><\/a><\/div>\t\t<\/div>\n\t\t\t\t<\/div>\n\t\t\t\t\t<\/div>\n\t\t<\/div>\n\t\t\t\t\t\t\t<\/div>\n\t\t<\/section>\n\t\t\t\t\t\t\t<\/div>\n\t\t","protected":false},"excerpt":{"rendered":"<p>Vatrodojava mo\u017ee uklju\u010divati razli\u010dite ure\u0111aje i sustave koji slu\u017ee za otkrivanje po\u017eara, kao \u0161to su dimni detektori, toplinski detektori, sustavi za automatsko ga\u0161enje po\u017eara, ru\u010dni ili automatski alarmi te sredstva&hellip;<\/p>\n","protected":false},"author":1,"featured_media":0,"parent":19685,"menu_order":0,"comment_status":"closed","ping_status":"closed","template":"","meta":{"footnotes":""},"class_list":["post-20078","page","type-page","status-publish","hentry"],"_links":{"self":[{"href":"https:\/\/www.doit.hr\/dev\/wp-json\/wp\/v2\/pages\/20078","targetHints":{"allow":["GET"]}}],"collection":[{"href":"https:\/\/www.doit.hr\/dev\/wp-json\/wp\/v2\/pages"}],"about":[{"href":"https:\/\/www.doit.hr\/dev\/wp-json\/wp\/v2\/types\/page"}],"author":[{"embeddable":true,"href":"https:\/\/www.doit.hr\/dev\/wp-json\/wp\/v2\/users\/1"}],"replies":[{"embeddable":true,"href":"https:\/\/www.doit.hr\/dev\/wp-json\/wp\/v2\/comments?post=20078"}],"version-history":[{"count":7,"href":"https:\/\/www.doit.hr\/dev\/wp-json\/wp\/v2\/pages\/20078\/revisions"}],"predecessor-version":[{"id":20179,"href":"https:\/\/www.doit.hr\/dev\/wp-json\/wp\/v2\/pages\/20078\/revisions\/20179"}],"up":[{"embeddable":true,"href":"https:\/\/www.doit.hr\/dev\/wp-json\/wp\/v2\/pages\/19685"}],"wp:attachment":[{"href":"https:\/\/www.doit.hr\/dev\/wp-json\/wp\/v2\/media?parent=20078"}],"curies":[{"name":"wp","href":"https:\/\/api.w.org\/{rel}","templated":true}]}}